{"id":3547,"date":"2025-03-23T20:00:51","date_gmt":"2025-03-23T20:00:51","guid":{"rendered":"https:\/\/casadolivreiro.pt\/?post_type=product&#038;p=3547"},"modified":"2025-03-23T20:00:51","modified_gmt":"2025-03-23T20:00:51","slug":"desafios-contemporaneos-em-comunicacao-perspectivas-de-relacoes-publicas-ricardo-ferreira-freitas-luciane-lucas","status":"publish","type":"product","link":"https:\/\/casadolivreiro.pt\/index.php\/product\/desafios-contemporaneos-em-comunicacao-perspectivas-de-relacoes-publicas-ricardo-ferreira-freitas-luciane-lucas\/","title":{"rendered":"DESAFIOS CONTEMPOR\u00c2NEOS EM COMUNICA\u00c7\u00c3O: Perspectivas de Rela\u00e7\u00f5es P\u00fablicas \u2013 Ricardo Ferreira Freitas, Luciane Lucas"},"content":{"rendered":"<p>DESAFIOS CONTEMPOR\u00c2NEOS EM COMUNICA\u00c7\u00c3O: Perspectivas de Rela\u00e7\u00f5es P\u00fablicas \u2013 Ricardo Ferreira Freitas, Luciane Lucas<\/p>\n<p>Ano de edi\u00e7\u00e3o: 2002<\/p>\n<p>Editor: Summus Editorial, S\u00e3o Paulo<\/p>\n<p>Idioma: Portugu\u00eas<\/p>\n<p>Dimens\u00f5es: 13.9 x 1 x\u00a0 20.7cm<\/p>\n<p>Encaderna\u00e7\u00e3o: Capa mole<\/p>\n<p>P\u00e1ginas: 200<\/p>\n","protected":false},"excerpt":{"rendered":"<p>DESAFIOS CONTEMPOR\u00c2NEOS EM COMUNICA\u00c7\u00c3O: Perspectivas de Rela\u00e7\u00f5es P\u00fablicas \u2013 Ricardo Ferreira Freitas, Luciane Lucas Ano de edi\u00e7\u00e3o: 2002 Editor: Summus Editorial, S\u00e3o Paulo Idioma: Portugu\u00eas Dimens\u00f5es: 13.9 x 1 x\u00a0 20.7cm Encaderna\u00e7\u00e3o: Capa mole P\u00e1ginas: 200<\/p>\n","protected":false},"featured_media":3548,"comment_status":"open","ping_status":"closed","template":"","meta":{"om_disable_all_campaigns":false,"_monsterinsights_skip_tracking":false,"_monsterinsights_sitenote_active":false,"_monsterinsights_sitenote_note":"","_monsterinsights_sitenote_category":0,"_uf_show_specific_survey":0,"_uf_disable_surveys":false},"product_cat":[31],"product_tag":[],"aioseo_notices":[],"jetpack_sharing_enabled":true,"_links":{"self":[{"href":"https:\/\/casadolivreiro.pt\/index.php\/wp-json\/wp\/v2\/product\/3547"}],"collection":[{"href":"https:\/\/casadolivreiro.pt\/index.php\/wp-json\/wp\/v2\/product"}],"about":[{"href":"https:\/\/casadolivreiro.pt\/index.php\/wp-json\/wp\/v2\/types\/product"}],"replies":[{"embeddable":true,"href":"https:\/\/casadolivreiro.pt\/index.php\/wp-json\/wp\/v2\/comments?post=3547"}],"wp:featuredmedia":[{"embeddable":true,"href":"https:\/\/casadolivreiro.pt\/index.php\/wp-json\/wp\/v2\/media\/3548"}],"wp:attachment":[{"href":"https:\/\/casadolivreiro.pt\/index.php\/wp-json\/wp\/v2\/media?parent=3547"}],"wp:term":[{"taxonomy":"product_cat","embeddable":true,"href":"https:\/\/casadolivreiro.pt\/index.php\/wp-json\/wp\/v2\/product_cat?post=3547"},{"taxonomy":"product_tag","embeddable":true,"href":"https:\/\/casadolivreiro.pt\/index.php\/wp-json\/wp\/v2\/product_tag?post=3547"}],"curies":[{"name":"wp","href":"https:\/\/api.w.org\/{rel}","templated":true}]}}