{"id":3545,"date":"2025-03-23T19:52:42","date_gmt":"2025-03-23T19:52:42","guid":{"rendered":"https:\/\/casadolivreiro.pt\/?post_type=product&#038;p=3545"},"modified":"2025-03-23T19:52:42","modified_gmt":"2025-03-23T19:52:42","slug":"luar-o-que-e-fernanda-leitao-carlos-pina","status":"publish","type":"product","link":"https:\/\/casadolivreiro.pt\/index.php\/product\/luar-o-que-e-fernanda-leitao-carlos-pina\/","title":{"rendered":"LUAR: O que \u00e9? \u2013 Fernanda Leit\u00e3o, Carlos Pina"},"content":{"rendered":"<p>LUAR: O que \u00e9? \u2013 Fernanda Leit\u00e3o, Carlos Pina<\/p>\n<p>Ano de edi\u00e7\u00e3o: 1975<\/p>\n<p>Editor: Ag\u00eancia Portuguesa de Revistas<\/p>\n<p>Idioma: Portugu\u00eas<\/p>\n<p>Dimens\u00f5es: 13.5 x 0.9 x\u00a0 20.5cm<\/p>\n<p>Encaderna\u00e7\u00e3o: Capa mole<\/p>\n<p>P\u00e1ginas: 125<\/p>\n","protected":false},"excerpt":{"rendered":"<p>LUAR: O que \u00e9? \u2013 Fernanda Leit\u00e3o, Carlos Pina Ano de edi\u00e7\u00e3o: 1975 Editor: Ag\u00eancia Portuguesa de Revistas Idioma: Portugu\u00eas Dimens\u00f5es: 13.5 x 0.9 x\u00a0 20.5cm Encaderna\u00e7\u00e3o: Capa mole P\u00e1ginas: 125<\/p>\n","protected":false},"featured_media":3546,"comment_status":"open","ping_status":"closed","template":"","meta":{"om_disable_all_campaigns":false,"_monsterinsights_skip_tracking":false,"_monsterinsights_sitenote_active":false,"_monsterinsights_sitenote_note":"","_monsterinsights_sitenote_category":0,"_uf_show_specific_survey":0,"_uf_disable_surveys":false},"product_cat":[31,51],"product_tag":[],"aioseo_notices":[],"jetpack_sharing_enabled":true,"_links":{"self":[{"href":"https:\/\/casadolivreiro.pt\/index.php\/wp-json\/wp\/v2\/product\/3545"}],"collection":[{"href":"https:\/\/casadolivreiro.pt\/index.php\/wp-json\/wp\/v2\/product"}],"about":[{"href":"https:\/\/casadolivreiro.pt\/index.php\/wp-json\/wp\/v2\/types\/product"}],"replies":[{"embeddable":true,"href":"https:\/\/casadolivreiro.pt\/index.php\/wp-json\/wp\/v2\/comments?post=3545"}],"wp:featuredmedia":[{"embeddable":true,"href":"https:\/\/casadolivreiro.pt\/index.php\/wp-json\/wp\/v2\/media\/3546"}],"wp:attachment":[{"href":"https:\/\/casadolivreiro.pt\/index.php\/wp-json\/wp\/v2\/media?parent=3545"}],"wp:term":[{"taxonomy":"product_cat","embeddable":true,"href":"https:\/\/casadolivreiro.pt\/index.php\/wp-json\/wp\/v2\/product_cat?post=3545"},{"taxonomy":"product_tag","embeddable":true,"href":"https:\/\/casadolivreiro.pt\/index.php\/wp-json\/wp\/v2\/product_tag?post=3545"}],"curies":[{"name":"wp","href":"https:\/\/api.w.org\/{rel}","templated":true}]}}