{"id":3543,"date":"2025-03-23T19:44:54","date_gmt":"2025-03-23T19:44:54","guid":{"rendered":"https:\/\/casadolivreiro.pt\/?post_type=product&#038;p=3543"},"modified":"2025-03-23T19:44:54","modified_gmt":"2025-03-23T19:44:54","slug":"o-desfazamente-tecnologico-entre-ocidente-leste-peter-sager","status":"publish","type":"product","link":"https:\/\/casadolivreiro.pt\/index.php\/product\/o-desfazamente-tecnologico-entre-ocidente-leste-peter-sager\/","title":{"rendered":"O DESFAZAMENTE TECNOL\u00d3GICO ENTRE OCIDENTE LESTE \u2013 Peter Sager"},"content":{"rendered":"<p>O DESFAZAMENTE TECNOL\u00d3GICO ENTRE OCIDENTE LESTE \u2013 Peter Sager<\/p>\n<p>Ano de edi\u00e7\u00e3o:<\/p>\n<p>Editor: Selecta, Lisboa<\/p>\n<p>Idioma: Portugu\u00eas<\/p>\n<p>Dimens\u00f5es: 14.5 x 0.9 x\u00a0 20.8cm<\/p>\n<p>Encaderna\u00e7\u00e3o: Capa mole<\/p>\n<p>P\u00e1ginas: 111<\/p>\n","protected":false},"excerpt":{"rendered":"<p>O DESFAZAMENTE TECNOL\u00d3GICO ENTRE OCIDENTE LESTE \u2013 Peter Sager Ano de edi\u00e7\u00e3o: Editor: Selecta, Lisboa Idioma: Portugu\u00eas Dimens\u00f5es: 14.5 x 0.9 x\u00a0 20.8cm Encaderna\u00e7\u00e3o: Capa mole P\u00e1ginas: 111<\/p>\n","protected":false},"featured_media":3544,"comment_status":"open","ping_status":"closed","template":"","meta":{"om_disable_all_campaigns":false,"_monsterinsights_skip_tracking":false,"_monsterinsights_sitenote_active":false,"_monsterinsights_sitenote_note":"","_monsterinsights_sitenote_category":0,"_uf_show_specific_survey":0,"_uf_disable_surveys":false},"product_cat":[31],"product_tag":[],"aioseo_notices":[],"jetpack_sharing_enabled":true,"_links":{"self":[{"href":"https:\/\/casadolivreiro.pt\/index.php\/wp-json\/wp\/v2\/product\/3543"}],"collection":[{"href":"https:\/\/casadolivreiro.pt\/index.php\/wp-json\/wp\/v2\/product"}],"about":[{"href":"https:\/\/casadolivreiro.pt\/index.php\/wp-json\/wp\/v2\/types\/product"}],"replies":[{"embeddable":true,"href":"https:\/\/casadolivreiro.pt\/index.php\/wp-json\/wp\/v2\/comments?post=3543"}],"wp:featuredmedia":[{"embeddable":true,"href":"https:\/\/casadolivreiro.pt\/index.php\/wp-json\/wp\/v2\/media\/3544"}],"wp:attachment":[{"href":"https:\/\/casadolivreiro.pt\/index.php\/wp-json\/wp\/v2\/media?parent=3543"}],"wp:term":[{"taxonomy":"product_cat","embeddable":true,"href":"https:\/\/casadolivreiro.pt\/index.php\/wp-json\/wp\/v2\/product_cat?post=3543"},{"taxonomy":"product_tag","embeddable":true,"href":"https:\/\/casadolivreiro.pt\/index.php\/wp-json\/wp\/v2\/product_tag?post=3543"}],"curies":[{"name":"wp","href":"https:\/\/api.w.org\/{rel}","templated":true}]}}