{"id":3541,"date":"2025-03-23T19:39:05","date_gmt":"2025-03-23T19:39:05","guid":{"rendered":"https:\/\/casadolivreiro.pt\/?post_type=product&#038;p=3541"},"modified":"2025-03-23T19:39:05","modified_gmt":"2025-03-23T19:39:05","slug":"promessas-compilacao-de-promessas-do-ps-do-governo-socialista-e-de-antonio-guterres","status":"publish","type":"product","link":"https:\/\/casadolivreiro.pt\/index.php\/product\/promessas-compilacao-de-promessas-do-ps-do-governo-socialista-e-de-antonio-guterres\/","title":{"rendered":"PROMESSAS: Compila\u00e7\u00e3o de promessas do PS, do Governo socialista e de Ant\u00f3nio Guterres"},"content":{"rendered":"<p>PROMESSAS: Compila\u00e7\u00e3o de promessas do PS, do Governo socialista e de Ant\u00f3nio Guterres<\/p>\n<p>Ano de edi\u00e7\u00e3o: 1999<\/p>\n<p>Editor: Instituto Francisco S\u00e1 Carneiro<\/p>\n<p>Idioma: Portugu\u00eas<\/p>\n<p>Dimens\u00f5es: 14.7 x 1.2 x\u00a0 20.5cm<\/p>\n<p>Encaderna\u00e7\u00e3o: Capa mole<\/p>\n<p>P\u00e1ginas: 183<\/p>\n","protected":false},"excerpt":{"rendered":"<p>PROMESSAS: Compila\u00e7\u00e3o de promessas do PS, do Governo socialista e de Ant\u00f3nio Guterres Ano de edi\u00e7\u00e3o: 1999 Editor: Instituto Francisco S\u00e1 Carneiro Idioma: Portugu\u00eas Dimens\u00f5es: 14.7 x 1.2 x\u00a0 20.5cm Encaderna\u00e7\u00e3o: Capa mole P\u00e1ginas: 183<\/p>\n","protected":false},"featured_media":3542,"comment_status":"open","ping_status":"closed","template":"","meta":{"om_disable_all_campaigns":false,"_monsterinsights_skip_tracking":false,"_monsterinsights_sitenote_active":false,"_monsterinsights_sitenote_note":"","_monsterinsights_sitenote_category":0,"_uf_show_specific_survey":0,"_uf_disable_surveys":false},"product_cat":[31,51],"product_tag":[],"aioseo_notices":[],"jetpack_sharing_enabled":true,"_links":{"self":[{"href":"https:\/\/casadolivreiro.pt\/index.php\/wp-json\/wp\/v2\/product\/3541"}],"collection":[{"href":"https:\/\/casadolivreiro.pt\/index.php\/wp-json\/wp\/v2\/product"}],"about":[{"href":"https:\/\/casadolivreiro.pt\/index.php\/wp-json\/wp\/v2\/types\/product"}],"replies":[{"embeddable":true,"href":"https:\/\/casadolivreiro.pt\/index.php\/wp-json\/wp\/v2\/comments?post=3541"}],"wp:featuredmedia":[{"embeddable":true,"href":"https:\/\/casadolivreiro.pt\/index.php\/wp-json\/wp\/v2\/media\/3542"}],"wp:attachment":[{"href":"https:\/\/casadolivreiro.pt\/index.php\/wp-json\/wp\/v2\/media?parent=3541"}],"wp:term":[{"taxonomy":"product_cat","embeddable":true,"href":"https:\/\/casadolivreiro.pt\/index.php\/wp-json\/wp\/v2\/product_cat?post=3541"},{"taxonomy":"product_tag","embeddable":true,"href":"https:\/\/casadolivreiro.pt\/index.php\/wp-json\/wp\/v2\/product_tag?post=3541"}],"curies":[{"name":"wp","href":"https:\/\/api.w.org\/{rel}","templated":true}]}}