{"id":3535,"date":"2025-03-23T19:02:13","date_gmt":"2025-03-23T19:02:13","guid":{"rendered":"https:\/\/casadolivreiro.pt\/?post_type=product&#038;p=3535"},"modified":"2025-03-23T19:02:13","modified_gmt":"2025-03-23T19:02:13","slug":"civismo-e-rebeliao-antonio-de-almeida-santos","status":"publish","type":"product","link":"https:\/\/casadolivreiro.pt\/index.php\/product\/civismo-e-rebeliao-antonio-de-almeida-santos\/","title":{"rendered":"CIVISMO E REBELI\u00c3O \u2013 Ant\u00f3nio de Almeida Santos"},"content":{"rendered":"<p>CIVISMO E REBELI\u00c3O \u2013 Ant\u00f3nio de Almeida Santos<\/p>\n<p>Ano de edi\u00e7\u00e3o: 1995<\/p>\n<p>Editor: Europa-Am\u00e9rica<\/p>\n<p>Idioma: Portugu\u00eas<\/p>\n<p>Dimens\u00f5es: 13.8 x 1.5 x\u00a0 21cm<\/p>\n<p>Encaderna\u00e7\u00e3o: Capa mole<\/p>\n<p>P\u00e1ginas: 299<\/p>\n","protected":false},"excerpt":{"rendered":"<p>CIVISMO E REBELI\u00c3O \u2013 Ant\u00f3nio de Almeida Santos Ano de edi\u00e7\u00e3o: 1995 Editor: Europa-Am\u00e9rica Idioma: Portugu\u00eas Dimens\u00f5es: 13.8 x 1.5 x\u00a0 21cm Encaderna\u00e7\u00e3o: Capa mole P\u00e1ginas: 299<\/p>\n","protected":false},"featured_media":3536,"comment_status":"open","ping_status":"closed","template":"","meta":{"om_disable_all_campaigns":false,"_monsterinsights_skip_tracking":false,"_monsterinsights_sitenote_active":false,"_monsterinsights_sitenote_note":"","_monsterinsights_sitenote_category":0,"_uf_show_specific_survey":0,"_uf_disable_surveys":false},"product_cat":[31],"product_tag":[],"aioseo_notices":[],"jetpack_sharing_enabled":true,"_links":{"self":[{"href":"https:\/\/casadolivreiro.pt\/index.php\/wp-json\/wp\/v2\/product\/3535"}],"collection":[{"href":"https:\/\/casadolivreiro.pt\/index.php\/wp-json\/wp\/v2\/product"}],"about":[{"href":"https:\/\/casadolivreiro.pt\/index.php\/wp-json\/wp\/v2\/types\/product"}],"replies":[{"embeddable":true,"href":"https:\/\/casadolivreiro.pt\/index.php\/wp-json\/wp\/v2\/comments?post=3535"}],"wp:featuredmedia":[{"embeddable":true,"href":"https:\/\/casadolivreiro.pt\/index.php\/wp-json\/wp\/v2\/media\/3536"}],"wp:attachment":[{"href":"https:\/\/casadolivreiro.pt\/index.php\/wp-json\/wp\/v2\/media?parent=3535"}],"wp:term":[{"taxonomy":"product_cat","embeddable":true,"href":"https:\/\/casadolivreiro.pt\/index.php\/wp-json\/wp\/v2\/product_cat?post=3535"},{"taxonomy":"product_tag","embeddable":true,"href":"https:\/\/casadolivreiro.pt\/index.php\/wp-json\/wp\/v2\/product_tag?post=3535"}],"curies":[{"name":"wp","href":"https:\/\/api.w.org\/{rel}","templated":true}]}}