{"id":3533,"date":"2025-03-23T18:56:19","date_gmt":"2025-03-23T18:56:19","guid":{"rendered":"https:\/\/casadolivreiro.pt\/?post_type=product&#038;p=3533"},"modified":"2025-03-23T18:56:20","modified_gmt":"2025-03-23T18:56:20","slug":"temas-do-portugal-de-hoje-editoriais-e-pontos-de-vista-do-jornal-do-comercio-1972-1973","status":"publish","type":"product","link":"https:\/\/casadolivreiro.pt\/index.php\/product\/temas-do-portugal-de-hoje-editoriais-e-pontos-de-vista-do-jornal-do-comercio-1972-1973\/","title":{"rendered":"TEMAS DO PORTUGAL DE HOJE \u2013 Editoriais  e Pontos de Vista do Jornal do Com\u00e9rcio, 1972 \/ 1973"},"content":{"rendered":"<p>TEMAS DO PORTUGAL DE HOJE \u2013 Editoriais \u00a0e Pontos de Vista do Jornal do Com\u00e9rcio, 1972 \/ 1973<\/p>\n<p>Ano de edi\u00e7\u00e3o: 1973<\/p>\n<p>Editor: Jornal do Com\u00e9rcio<\/p>\n<p>Idioma: Portugu\u00eas<\/p>\n<p>Dimens\u00f5es: 14 x 3.5 x\u00a0 20.5cm<\/p>\n<p>Encaderna\u00e7\u00e3o: Capa mole<\/p>\n<p>P\u00e1ginas: 618<\/p>\n","protected":false},"excerpt":{"rendered":"<p>TEMAS DO PORTUGAL DE HOJE \u2013 Editoriais \u00a0e Pontos de Vista do Jornal do Com\u00e9rcio, 1972 \/ 1973 Ano de edi\u00e7\u00e3o: 1973 Editor: Jornal do Com\u00e9rcio Idioma: Portugu\u00eas Dimens\u00f5es: 14 x 3.5 x\u00a0 20.5cm Encaderna\u00e7\u00e3o: Capa mole P\u00e1ginas: 618<\/p>\n","protected":false},"featured_media":3534,"comment_status":"open","ping_status":"closed","template":"","meta":{"om_disable_all_campaigns":false,"_monsterinsights_skip_tracking":false,"_monsterinsights_sitenote_active":false,"_monsterinsights_sitenote_note":"","_monsterinsights_sitenote_category":0,"_uf_show_specific_survey":0,"_uf_disable_surveys":false},"product_cat":[31,65],"product_tag":[],"aioseo_notices":[],"jetpack_sharing_enabled":true,"_links":{"self":[{"href":"https:\/\/casadolivreiro.pt\/index.php\/wp-json\/wp\/v2\/product\/3533"}],"collection":[{"href":"https:\/\/casadolivreiro.pt\/index.php\/wp-json\/wp\/v2\/product"}],"about":[{"href":"https:\/\/casadolivreiro.pt\/index.php\/wp-json\/wp\/v2\/types\/product"}],"replies":[{"embeddable":true,"href":"https:\/\/casadolivreiro.pt\/index.php\/wp-json\/wp\/v2\/comments?post=3533"}],"wp:featuredmedia":[{"embeddable":true,"href":"https:\/\/casadolivreiro.pt\/index.php\/wp-json\/wp\/v2\/media\/3534"}],"wp:attachment":[{"href":"https:\/\/casadolivreiro.pt\/index.php\/wp-json\/wp\/v2\/media?parent=3533"}],"wp:term":[{"taxonomy":"product_cat","embeddable":true,"href":"https:\/\/casadolivreiro.pt\/index.php\/wp-json\/wp\/v2\/product_cat?post=3533"},{"taxonomy":"product_tag","embeddable":true,"href":"https:\/\/casadolivreiro.pt\/index.php\/wp-json\/wp\/v2\/product_tag?post=3533"}],"curies":[{"name":"wp","href":"https:\/\/api.w.org\/{rel}","templated":true}]}}