{"id":3531,"date":"2025-03-23T18:49:29","date_gmt":"2025-03-23T18:49:29","guid":{"rendered":"https:\/\/casadolivreiro.pt\/?post_type=product&#038;p=3531"},"modified":"2025-03-23T18:49:29","modified_gmt":"2025-03-23T18:49:29","slug":"a-poupanca-e-as-suas-aplicacoes-actuais-em-portugal-eng-henrique-manzanares","status":"publish","type":"product","link":"https:\/\/casadolivreiro.pt\/index.php\/product\/a-poupanca-e-as-suas-aplicacoes-actuais-em-portugal-eng-henrique-manzanares\/","title":{"rendered":"A POUPANCA E AS SUAS APLICA\u00c7\u00d5ES ACTUAIS EM PORTUGAL \u2013 Eng. Henrique Manzanares"},"content":{"rendered":"<p>A POUPANCA E AS SUAS APLICA\u00c7\u00d5ES ACTUAIS EM PORTUGAL \u2013 Eng. Henrique Manzanares<\/p>\n<p>Ano de edi\u00e7\u00e3o: 1972<\/p>\n<p>Editor: Centre de Estudos Imp\u00e9rio-Realimo<\/p>\n<p>Idioma: Portugu\u00eas<\/p>\n<p>Dimens\u00f5es: 14 x 0.7 x\u00a0 20cm<\/p>\n<p>Encaderna\u00e7\u00e3o: Capa mole<\/p>\n<p>P\u00e1ginas: 143<\/p>\n","protected":false},"excerpt":{"rendered":"<p>A POUPANCA E AS SUAS APLICA\u00c7\u00d5ES ACTUAIS EM PORTUGAL \u2013 Eng. Henrique Manzanares Ano de edi\u00e7\u00e3o: 1972 Editor: Centre de Estudos Imp\u00e9rio-Realimo Idioma: Portugu\u00eas Dimens\u00f5es: 14 x 0.7 x\u00a0 20cm Encaderna\u00e7\u00e3o: Capa mole P\u00e1ginas: 143<\/p>\n","protected":false},"featured_media":3532,"comment_status":"open","ping_status":"closed","template":"","meta":{"om_disable_all_campaigns":false,"_monsterinsights_skip_tracking":false,"_monsterinsights_sitenote_active":false,"_monsterinsights_sitenote_note":"","_monsterinsights_sitenote_category":0,"_uf_show_specific_survey":0,"_uf_disable_surveys":false},"product_cat":[31,41],"product_tag":[],"aioseo_notices":[],"jetpack_sharing_enabled":true,"_links":{"self":[{"href":"https:\/\/casadolivreiro.pt\/index.php\/wp-json\/wp\/v2\/product\/3531"}],"collection":[{"href":"https:\/\/casadolivreiro.pt\/index.php\/wp-json\/wp\/v2\/product"}],"about":[{"href":"https:\/\/casadolivreiro.pt\/index.php\/wp-json\/wp\/v2\/types\/product"}],"replies":[{"embeddable":true,"href":"https:\/\/casadolivreiro.pt\/index.php\/wp-json\/wp\/v2\/comments?post=3531"}],"wp:featuredmedia":[{"embeddable":true,"href":"https:\/\/casadolivreiro.pt\/index.php\/wp-json\/wp\/v2\/media\/3532"}],"wp:attachment":[{"href":"https:\/\/casadolivreiro.pt\/index.php\/wp-json\/wp\/v2\/media?parent=3531"}],"wp:term":[{"taxonomy":"product_cat","embeddable":true,"href":"https:\/\/casadolivreiro.pt\/index.php\/wp-json\/wp\/v2\/product_cat?post=3531"},{"taxonomy":"product_tag","embeddable":true,"href":"https:\/\/casadolivreiro.pt\/index.php\/wp-json\/wp\/v2\/product_tag?post=3531"}],"curies":[{"name":"wp","href":"https:\/\/api.w.org\/{rel}","templated":true}]}}