{"id":353,"date":"2024-03-10T02:06:52","date_gmt":"2024-03-10T02:06:52","guid":{"rendered":"https:\/\/casadolivreiro.pt\/?post_type=product&#038;p=353"},"modified":"2024-03-10T02:06:52","modified_gmt":"2024-03-10T02:06:52","slug":"dez-luzes-num-seculo-ilustrado-textos-de-paula-moura-pinhero-viriato-soromenho-marques-jose-barata-moura-antonio-borges-coelho-olga-pombo-irene-flunser-pimentel-andre-belo-rui-tavares-e-nuno","status":"publish","type":"product","link":"https:\/\/casadolivreiro.pt\/index.php\/product\/dez-luzes-num-seculo-ilustrado-textos-de-paula-moura-pinhero-viriato-soromenho-marques-jose-barata-moura-antonio-borges-coelho-olga-pombo-irene-flunser-pimentel-andre-belo-rui-tavares-e-nuno\/","title":{"rendered":"DEZ LUZES NUM S\u00c9CULO ILUSTRADO: Textos de Paula Moura Pinhero, Viriato Soromenho-Marques, Jos\u00e9 Barata-Moura, Ant\u00f3nio Borges Coelho, Olga Pombo, Irene Flunser Pimentel, Andr\u00e9 Belo, Rui Tavares, e Nuno M. Cardoso"},"content":{"rendered":"<p>DEZ LUZES NUM S\u00c9CULO ILUSTRADO: Textos de Paula Moura Pinhero, Viriato Soromenho-Marques, Jos\u00e9 Barata-Moura, Ant\u00f3nio Borges Coelho, Olga Pombo, Irene Flunser Pimentel, Andr\u00e9 Belo, Rui Tavares, e Nuno M. Cardoso<br \/>\nISBN: 9789722126205<br \/>\nAno de edi\u00e7\u00e3o: 06-2013<br \/>\nEditor: Editorial Caminho<br \/>\nIdioma: Portugu\u00eas<br \/>\nDimens\u00f5es: 15.8 x 3.7 x 23.2 cm<br \/>\nEncaderna\u00e7\u00e3o: Capa mole<br \/>\nP\u00e1ginas: 544<\/p>\n<p>A designa\u00e7\u00e3o 10 Luzes Num S\u00e9culo Ilustrado pretende dar conta de uma constela\u00e7\u00e3o de temas e autores vasta e diversificada: da filosofia \u00e0 arte, da pol\u00edtica \u00e0 hist\u00f3ria e do direito \u00e0 ci\u00eancia. Nesta imensa constela\u00e7\u00e3o iluminista figuram autores marcantes que contribu\u00edram para uma nova leitura do mundo. Por essa raz\u00e3o lhes chamamos Luzes e referimo-nos a Kant, Rousseau, Voltaire, Diderot e D\u2019Alembert, Condorcet, Locke, Newton, Pombal e Lessing.<\/p>\n","protected":false},"excerpt":{"rendered":"<p>DEZ LUZES NUM S\u00c9CULO ILUSTRADO: Textos de Paula Moura Pinhero, Viriato Soromenho-Marques, Jos\u00e9 Barata-Moura, Ant\u00f3nio Borges Coelho, Olga Pombo, Irene Flunser Pimentel, Andr\u00e9 Belo, Rui Tavares, e Nuno M. Cardoso ISBN: 9789722126205 Ano de edi\u00e7\u00e3o: 06-2013 Editor: Editorial Caminho Idioma: Portugu\u00eas Dimens\u00f5es: 15.8 x 3.7 x 23.2 cm Encaderna\u00e7\u00e3o: Capa mole P\u00e1ginas: 544 A designa\u00e7\u00e3o [&hellip;]<\/p>\n","protected":false},"featured_media":354,"comment_status":"open","ping_status":"closed","template":"","meta":{"om_disable_all_campaigns":false,"_monsterinsights_skip_tracking":false,"_monsterinsights_sitenote_active":false,"_monsterinsights_sitenote_note":"","_monsterinsights_sitenote_category":0,"_uf_show_specific_survey":0,"_uf_disable_surveys":false},"product_cat":[24,32,31,29,30,62,51],"product_tag":[],"aioseo_notices":[],"jetpack_sharing_enabled":true,"_links":{"self":[{"href":"https:\/\/casadolivreiro.pt\/index.php\/wp-json\/wp\/v2\/product\/353"}],"collection":[{"href":"https:\/\/casadolivreiro.pt\/index.php\/wp-json\/wp\/v2\/product"}],"about":[{"href":"https:\/\/casadolivreiro.pt\/index.php\/wp-json\/wp\/v2\/types\/product"}],"replies":[{"embeddable":true,"href":"https:\/\/casadolivreiro.pt\/index.php\/wp-json\/wp\/v2\/comments?post=353"}],"wp:featuredmedia":[{"embeddable":true,"href":"https:\/\/casadolivreiro.pt\/index.php\/wp-json\/wp\/v2\/media\/354"}],"wp:attachment":[{"href":"https:\/\/casadolivreiro.pt\/index.php\/wp-json\/wp\/v2\/media?parent=353"}],"wp:term":[{"taxonomy":"product_cat","embeddable":true,"href":"https:\/\/casadolivreiro.pt\/index.php\/wp-json\/wp\/v2\/product_cat?post=353"},{"taxonomy":"product_tag","embeddable":true,"href":"https:\/\/casadolivreiro.pt\/index.php\/wp-json\/wp\/v2\/product_tag?post=353"}],"curies":[{"name":"wp","href":"https:\/\/api.w.org\/{rel}","templated":true}]}}