{"id":3525,"date":"2025-03-23T17:59:44","date_gmt":"2025-03-23T17:59:44","guid":{"rendered":"https:\/\/casadolivreiro.pt\/?post_type=product&#038;p=3525"},"modified":"2025-03-23T17:59:45","modified_gmt":"2025-03-23T17:59:45","slug":"o-homem-esse-conhecido-r-j-harrison","status":"publish","type":"product","link":"https:\/\/casadolivreiro.pt\/index.php\/product\/o-homem-esse-conhecido-r-j-harrison\/","title":{"rendered":"O HOMEM, ESSE CONHECIDO \u2013 R.J. Harrison"},"content":{"rendered":"<p>O HOMEM, ESSE CONHECIDO \u2013 R.J. Harrison<\/p>\n<p>Livros Pelicano CP 14<\/p>\n<p>Tradu\u00e7\u00e3o de E. Rosado Pinto<\/p>\n<p>Ano de edi\u00e7\u00e3o:<\/p>\n<p>Editor: Ulisseia, Lisboa<\/p>\n<p>Idioma: Portugu\u00eas<\/p>\n<p>Dimens\u00f5es: 10.9 x 2.3 x\u00a0 18.2cm<\/p>\n<p>Encaderna\u00e7\u00e3o: Capa mole<\/p>\n<p>P\u00e1ginas: 354<\/p>\n","protected":false},"excerpt":{"rendered":"<p>O HOMEM, ESSE CONHECIDO \u2013 R.J. Harrison Livros Pelicano CP 14 Tradu\u00e7\u00e3o de E. Rosado Pinto Ano de edi\u00e7\u00e3o: Editor: Ulisseia, Lisboa Idioma: Portugu\u00eas Dimens\u00f5es: 10.9 x 2.3 x\u00a0 18.2cm Encaderna\u00e7\u00e3o: Capa mole P\u00e1ginas: 354<\/p>\n","protected":false},"featured_media":3526,"comment_status":"open","ping_status":"closed","template":"","meta":{"om_disable_all_campaigns":false,"_monsterinsights_skip_tracking":false,"_monsterinsights_sitenote_active":false,"_monsterinsights_sitenote_note":"","_monsterinsights_sitenote_category":0,"_uf_show_specific_survey":0,"_uf_disable_surveys":false},"product_cat":[32,31],"product_tag":[],"aioseo_notices":[],"jetpack_sharing_enabled":true,"_links":{"self":[{"href":"https:\/\/casadolivreiro.pt\/index.php\/wp-json\/wp\/v2\/product\/3525"}],"collection":[{"href":"https:\/\/casadolivreiro.pt\/index.php\/wp-json\/wp\/v2\/product"}],"about":[{"href":"https:\/\/casadolivreiro.pt\/index.php\/wp-json\/wp\/v2\/types\/product"}],"replies":[{"embeddable":true,"href":"https:\/\/casadolivreiro.pt\/index.php\/wp-json\/wp\/v2\/comments?post=3525"}],"wp:featuredmedia":[{"embeddable":true,"href":"https:\/\/casadolivreiro.pt\/index.php\/wp-json\/wp\/v2\/media\/3526"}],"wp:attachment":[{"href":"https:\/\/casadolivreiro.pt\/index.php\/wp-json\/wp\/v2\/media?parent=3525"}],"wp:term":[{"taxonomy":"product_cat","embeddable":true,"href":"https:\/\/casadolivreiro.pt\/index.php\/wp-json\/wp\/v2\/product_cat?post=3525"},{"taxonomy":"product_tag","embeddable":true,"href":"https:\/\/casadolivreiro.pt\/index.php\/wp-json\/wp\/v2\/product_tag?post=3525"}],"curies":[{"name":"wp","href":"https:\/\/api.w.org\/{rel}","templated":true}]}}