{"id":3517,"date":"2025-03-23T17:49:54","date_gmt":"2025-03-23T17:49:54","guid":{"rendered":"https:\/\/casadolivreiro.pt\/?post_type=product&#038;p=3517"},"modified":"2025-03-23T17:49:54","modified_gmt":"2025-03-23T17:49:54","slug":"o-clamor-do-mundo-oswald-j-smith","status":"publish","type":"product","link":"https:\/\/casadolivreiro.pt\/index.php\/product\/o-clamor-do-mundo-oswald-j-smith\/","title":{"rendered":"O CLAMOR DO MUNDO \u2013 Oswald J. Smith"},"content":{"rendered":"<p>O CLAMOR DO MUNDO \u2013 Oswald J. Smith<\/p>\n<p>Tradu\u00e7\u00e3o de Jo\u00e3o Marques Bentes<\/p>\n<p>Ano de edi\u00e7\u00e3o: 1972<\/p>\n<p>Editor: O.S. Boyer, S\u00e3o Paulo<\/p>\n<p>Idioma: Portugu\u00eas<\/p>\n<p>Dimens\u00f5es: 13.5 x 0.7 x\u00a0 18.5cm<\/p>\n<p>Encaderna\u00e7\u00e3o: Capa mole<\/p>\n<p>P\u00e1ginas: 91<\/p>\n","protected":false},"excerpt":{"rendered":"<p>O CLAMOR DO MUNDO \u2013 Oswald J. Smith Tradu\u00e7\u00e3o de Jo\u00e3o Marques Bentes Ano de edi\u00e7\u00e3o: 1972 Editor: O.S. Boyer, S\u00e3o Paulo Idioma: Portugu\u00eas Dimens\u00f5es: 13.5 x 0.7 x\u00a0 18.5cm Encaderna\u00e7\u00e3o: Capa mole P\u00e1ginas: 91<\/p>\n","protected":false},"featured_media":3518,"comment_status":"open","ping_status":"closed","template":"","meta":{"om_disable_all_campaigns":false,"_monsterinsights_skip_tracking":false,"_monsterinsights_sitenote_active":false,"_monsterinsights_sitenote_note":"","_monsterinsights_sitenote_category":0,"_uf_show_specific_survey":0,"_uf_disable_surveys":false},"product_cat":[31,33],"product_tag":[],"aioseo_notices":[],"jetpack_sharing_enabled":true,"_links":{"self":[{"href":"https:\/\/casadolivreiro.pt\/index.php\/wp-json\/wp\/v2\/product\/3517"}],"collection":[{"href":"https:\/\/casadolivreiro.pt\/index.php\/wp-json\/wp\/v2\/product"}],"about":[{"href":"https:\/\/casadolivreiro.pt\/index.php\/wp-json\/wp\/v2\/types\/product"}],"replies":[{"embeddable":true,"href":"https:\/\/casadolivreiro.pt\/index.php\/wp-json\/wp\/v2\/comments?post=3517"}],"wp:featuredmedia":[{"embeddable":true,"href":"https:\/\/casadolivreiro.pt\/index.php\/wp-json\/wp\/v2\/media\/3518"}],"wp:attachment":[{"href":"https:\/\/casadolivreiro.pt\/index.php\/wp-json\/wp\/v2\/media?parent=3517"}],"wp:term":[{"taxonomy":"product_cat","embeddable":true,"href":"https:\/\/casadolivreiro.pt\/index.php\/wp-json\/wp\/v2\/product_cat?post=3517"},{"taxonomy":"product_tag","embeddable":true,"href":"https:\/\/casadolivreiro.pt\/index.php\/wp-json\/wp\/v2\/product_tag?post=3517"}],"curies":[{"name":"wp","href":"https:\/\/api.w.org\/{rel}","templated":true}]}}