{"id":351,"date":"2024-03-10T02:03:27","date_gmt":"2024-03-10T02:03:27","guid":{"rendered":"https:\/\/casadolivreiro.pt\/?post_type=product&#038;p=351"},"modified":"2024-03-10T02:03:27","modified_gmt":"2024-03-10T02:03:27","slug":"o-meu-avo-luis-por-amor-renuncio-a-tudo-a-patria-a-salazar-a-familia-sofia-pinto-coelho","status":"publish","type":"product","link":"https:\/\/casadolivreiro.pt\/index.php\/product\/o-meu-avo-luis-por-amor-renuncio-a-tudo-a-patria-a-salazar-a-familia-sofia-pinto-coelho\/","title":{"rendered":"O MEU AV\u00d4 LU\u00cdS: Por amor, renuncio a tudo: \u00e0 p\u00e1tria, A Salazar, \u00e0 fam\u00edlia &#8211; Sofia Pinto Coelho"},"content":{"rendered":"<p>O MEU AV\u00d4 LU\u00cdS: Por amor, renuncio a tudo: \u00e0 p\u00e1tria, A Salazar, \u00e0 fam\u00edlia<br \/>\nSofia Pinto Coelho<br \/>\nISBN: 978-989-702-164-0<br \/>\nEditor: Guerra e Paz, Editores, S.A. Lisboa<br \/>\nData de Lan\u00e7amento: 2015<br \/>\nIdioma:\u00a0 Portugu\u00eas<br \/>\nDimens\u00f5es: 15 x 2 x 23 cm<br \/>\nEncaderna\u00e7\u00e3o: Capa mole<br \/>\nP\u00e1ginas: 248<\/p>\n<p>Sofia Pinto Coelho descobriu os filmes antigos e as cartas do seu av\u00f4 numa arrecada\u00e7\u00e3o, a neta Sofia confrontou-se com a hist\u00f3ria de Lu\u00eds Pinto Coelho, professor catedr\u00e1tico de Direito, figura respeitad\u00edssima do Estado Novo. J\u00e1 casado e com seis filhos, apaixona-se por uma top model norte-americana, livre de preconceitos. Mas o pa\u00eds tinha m\u00e3o pesada e \u00abo av\u00f4 Lu\u00eds\u00bb pagar\u00e1 o pre\u00e7o pela ousadia.<\/p>\n<p>&nbsp;<\/p>\n","protected":false},"excerpt":{"rendered":"<p>O MEU AV\u00d4 LU\u00cdS: Por amor, renuncio a tudo: \u00e0 p\u00e1tria, A Salazar, \u00e0 fam\u00edlia Sofia Pinto Coelho ISBN: 978-989-702-164-0 Editor: Guerra e Paz, Editores, S.A. Lisboa Data de Lan\u00e7amento: 2015 Idioma:\u00a0 Portugu\u00eas Dimens\u00f5es: 15 x 2 x 23 cm Encaderna\u00e7\u00e3o: Capa mole P\u00e1ginas: 248 Sofia Pinto Coelho descobriu os filmes antigos e as cartas [&hellip;]<\/p>\n","protected":false},"featured_media":352,"comment_status":"open","ping_status":"closed","template":"","meta":{"om_disable_all_campaigns":false,"_monsterinsights_skip_tracking":false,"_monsterinsights_sitenote_active":false,"_monsterinsights_sitenote_note":"","_monsterinsights_sitenote_category":0,"_uf_show_specific_survey":0,"_uf_disable_surveys":false},"product_cat":[28,36,62,37],"product_tag":[],"aioseo_notices":[],"jetpack_sharing_enabled":true,"_links":{"self":[{"href":"https:\/\/casadolivreiro.pt\/index.php\/wp-json\/wp\/v2\/product\/351"}],"collection":[{"href":"https:\/\/casadolivreiro.pt\/index.php\/wp-json\/wp\/v2\/product"}],"about":[{"href":"https:\/\/casadolivreiro.pt\/index.php\/wp-json\/wp\/v2\/types\/product"}],"replies":[{"embeddable":true,"href":"https:\/\/casadolivreiro.pt\/index.php\/wp-json\/wp\/v2\/comments?post=351"}],"wp:featuredmedia":[{"embeddable":true,"href":"https:\/\/casadolivreiro.pt\/index.php\/wp-json\/wp\/v2\/media\/352"}],"wp:attachment":[{"href":"https:\/\/casadolivreiro.pt\/index.php\/wp-json\/wp\/v2\/media?parent=351"}],"wp:term":[{"taxonomy":"product_cat","embeddable":true,"href":"https:\/\/casadolivreiro.pt\/index.php\/wp-json\/wp\/v2\/product_cat?post=351"},{"taxonomy":"product_tag","embeddable":true,"href":"https:\/\/casadolivreiro.pt\/index.php\/wp-json\/wp\/v2\/product_tag?post=351"}],"curies":[{"name":"wp","href":"https:\/\/api.w.org\/{rel}","templated":true}]}}