{"id":3503,"date":"2025-03-23T16:57:17","date_gmt":"2025-03-23T16:57:17","guid":{"rendered":"https:\/\/casadolivreiro.pt\/?post_type=product&#038;p=3503"},"modified":"2025-03-23T16:57:17","modified_gmt":"2025-03-23T16:57:17","slug":"a-explosao-demografica-e-a-fome-no-mundo-josue-de-castro","status":"publish","type":"product","link":"https:\/\/casadolivreiro.pt\/index.php\/product\/a-explosao-demografica-e-a-fome-no-mundo-josue-de-castro\/","title":{"rendered":"A EXPLOS\u00c3O DEMOGR\u00c1FICA E A FOME NO MUNDO \u2013 Josu\u00e9 de Castro"},"content":{"rendered":"<p>A EXPLOS\u00c3O DEMOGR\u00c1FICA E A FOME NO MUNDO \u2013 Josu\u00e9 de Castro<\/p>\n<p>Ano de edi\u00e7\u00e3o: 1961<\/p>\n<p>Editor: ITAU Edi\u00e7\u00f5es<\/p>\n<p>Idioma: Portugu\u00eas<\/p>\n<p>Dimens\u00f5es: 11 x 0.4 x\u00a0 18cm<\/p>\n<p>Encaderna\u00e7\u00e3o: Capa mole<\/p>\n<p>P\u00e1ginas: 34<\/p>\n","protected":false},"excerpt":{"rendered":"<p>A EXPLOS\u00c3O DEMOGR\u00c1FICA E A FOME NO MUNDO \u2013 Josu\u00e9 de Castro Ano de edi\u00e7\u00e3o: 1961 Editor: ITAU Edi\u00e7\u00f5es Idioma: Portugu\u00eas Dimens\u00f5es: 11 x 0.4 x\u00a0 18cm Encaderna\u00e7\u00e3o: Capa mole P\u00e1ginas: 34<\/p>\n","protected":false},"featured_media":3504,"comment_status":"open","ping_status":"closed","template":"","meta":{"om_disable_all_campaigns":false,"_monsterinsights_skip_tracking":false,"_monsterinsights_sitenote_active":false,"_monsterinsights_sitenote_note":"","_monsterinsights_sitenote_category":0,"_uf_show_specific_survey":0,"_uf_disable_surveys":false},"product_cat":[31,51],"product_tag":[],"aioseo_notices":[],"jetpack_sharing_enabled":true,"_links":{"self":[{"href":"https:\/\/casadolivreiro.pt\/index.php\/wp-json\/wp\/v2\/product\/3503"}],"collection":[{"href":"https:\/\/casadolivreiro.pt\/index.php\/wp-json\/wp\/v2\/product"}],"about":[{"href":"https:\/\/casadolivreiro.pt\/index.php\/wp-json\/wp\/v2\/types\/product"}],"replies":[{"embeddable":true,"href":"https:\/\/casadolivreiro.pt\/index.php\/wp-json\/wp\/v2\/comments?post=3503"}],"wp:featuredmedia":[{"embeddable":true,"href":"https:\/\/casadolivreiro.pt\/index.php\/wp-json\/wp\/v2\/media\/3504"}],"wp:attachment":[{"href":"https:\/\/casadolivreiro.pt\/index.php\/wp-json\/wp\/v2\/media?parent=3503"}],"wp:term":[{"taxonomy":"product_cat","embeddable":true,"href":"https:\/\/casadolivreiro.pt\/index.php\/wp-json\/wp\/v2\/product_cat?post=3503"},{"taxonomy":"product_tag","embeddable":true,"href":"https:\/\/casadolivreiro.pt\/index.php\/wp-json\/wp\/v2\/product_tag?post=3503"}],"curies":[{"name":"wp","href":"https:\/\/api.w.org\/{rel}","templated":true}]}}