{"id":3501,"date":"2025-03-23T16:55:34","date_gmt":"2025-03-23T16:55:34","guid":{"rendered":"https:\/\/casadolivreiro.pt\/?post_type=product&#038;p=3501"},"modified":"2025-03-23T16:55:34","modified_gmt":"2025-03-23T16:55:34","slug":"directiva-do-x-congresso-do-psua-acerca-do-plano-quinquenal-para-o-desenvolvimento-da-economia-da-rda-nos-anos-de-1981-a-1985","status":"publish","type":"product","link":"https:\/\/casadolivreiro.pt\/index.php\/product\/directiva-do-x-congresso-do-psua-acerca-do-plano-quinquenal-para-o-desenvolvimento-da-economia-da-rda-nos-anos-de-1981-a-1985\/","title":{"rendered":"DIRECTIVA DO X CONGRESSO DO PSUA acerca do Plano Quinquenal para o Desenvolvimento da Economia da RDA nos anos de 1981 a 1985"},"content":{"rendered":"<p>DIRECTIVA DO X CONGRESSO DO PSUA acerca do Plano Quinquenal para o Desenvolvimento da Economia da RDA nos anos de 1981 a 1985<\/p>\n<p>Tradu\u00e7\u00e3o: Intertext, Berlim<\/p>\n<p>Ano de edi\u00e7\u00e3o: 1981<\/p>\n<p>Editor: Verlag Zeit im Bild, Dresden<\/p>\n<p>Idioma: Portugu\u00eas<\/p>\n<p>Dimens\u00f5es: 10.4 x 0.7 x\u00a0 16.2cm<\/p>\n<p>Encaderna\u00e7\u00e3o: Capa mole<\/p>\n<p>P\u00e1ginas: 119<\/p>\n","protected":false},"excerpt":{"rendered":"<p>DIRECTIVA DO X CONGRESSO DO PSUA acerca do Plano Quinquenal para o Desenvolvimento da Economia da RDA nos anos de 1981 a 1985 Tradu\u00e7\u00e3o: Intertext, Berlim Ano de edi\u00e7\u00e3o: 1981 Editor: Verlag Zeit im Bild, Dresden Idioma: Portugu\u00eas Dimens\u00f5es: 10.4 x 0.7 x\u00a0 16.2cm Encaderna\u00e7\u00e3o: Capa mole P\u00e1ginas: 119<\/p>\n","protected":false},"featured_media":3502,"comment_status":"open","ping_status":"closed","template":"","meta":{"om_disable_all_campaigns":false,"_monsterinsights_skip_tracking":false,"_monsterinsights_sitenote_active":false,"_monsterinsights_sitenote_note":"","_monsterinsights_sitenote_category":0,"_uf_show_specific_survey":0,"_uf_disable_surveys":false},"product_cat":[31,51],"product_tag":[],"aioseo_notices":[],"jetpack_sharing_enabled":true,"_links":{"self":[{"href":"https:\/\/casadolivreiro.pt\/index.php\/wp-json\/wp\/v2\/product\/3501"}],"collection":[{"href":"https:\/\/casadolivreiro.pt\/index.php\/wp-json\/wp\/v2\/product"}],"about":[{"href":"https:\/\/casadolivreiro.pt\/index.php\/wp-json\/wp\/v2\/types\/product"}],"replies":[{"embeddable":true,"href":"https:\/\/casadolivreiro.pt\/index.php\/wp-json\/wp\/v2\/comments?post=3501"}],"wp:featuredmedia":[{"embeddable":true,"href":"https:\/\/casadolivreiro.pt\/index.php\/wp-json\/wp\/v2\/media\/3502"}],"wp:attachment":[{"href":"https:\/\/casadolivreiro.pt\/index.php\/wp-json\/wp\/v2\/media?parent=3501"}],"wp:term":[{"taxonomy":"product_cat","embeddable":true,"href":"https:\/\/casadolivreiro.pt\/index.php\/wp-json\/wp\/v2\/product_cat?post=3501"},{"taxonomy":"product_tag","embeddable":true,"href":"https:\/\/casadolivreiro.pt\/index.php\/wp-json\/wp\/v2\/product_tag?post=3501"}],"curies":[{"name":"wp","href":"https:\/\/api.w.org\/{rel}","templated":true}]}}