{"id":3499,"date":"2025-03-23T16:52:41","date_gmt":"2025-03-23T16:52:41","guid":{"rendered":"https:\/\/casadolivreiro.pt\/?post_type=product&#038;p=3499"},"modified":"2025-03-23T16:52:41","modified_gmt":"2025-03-23T16:52:41","slug":"contra-o-fanatismo-amos-oz","status":"publish","type":"product","link":"https:\/\/casadolivreiro.pt\/index.php\/product\/contra-o-fanatismo-amos-oz\/","title":{"rendered":"CONTRA O FANATISMO \u2013 Amos Oz"},"content":{"rendered":"<p>CONTRA O FANATISMO \u2013 Amos Oz<\/p>\n<p>Tradu\u00e7\u00e3o de Henrique Tavares e Castro<\/p>\n<p>Ano de edi\u00e7\u00e3o: 2007, 1.\u00aa edi\u00e7\u00e3o<\/p>\n<p>Editor: ASA Editores<\/p>\n<p>Idioma: Portugu\u00eas<\/p>\n<p>Dimens\u00f5es: 10.3 x 0.7 x\u00a0 15cm<\/p>\n<p>Encaderna\u00e7\u00e3o: Capa mole<\/p>\n<p>P\u00e1ginas: 95<\/p>\n","protected":false},"excerpt":{"rendered":"<p>CONTRA O FANATISMO \u2013 Amos Oz Tradu\u00e7\u00e3o de Henrique Tavares e Castro Ano de edi\u00e7\u00e3o: 2007, 1.\u00aa edi\u00e7\u00e3o Editor: ASA Editores Idioma: Portugu\u00eas Dimens\u00f5es: 10.3 x 0.7 x\u00a0 15cm Encaderna\u00e7\u00e3o: Capa mole P\u00e1ginas: 95<\/p>\n","protected":false},"featured_media":3500,"comment_status":"open","ping_status":"closed","template":"","meta":{"om_disable_all_campaigns":false,"_monsterinsights_skip_tracking":false,"_monsterinsights_sitenote_active":false,"_monsterinsights_sitenote_note":"","_monsterinsights_sitenote_category":0,"_uf_show_specific_survey":0,"_uf_disable_surveys":false},"product_cat":[31,51],"product_tag":[],"aioseo_notices":[],"jetpack_sharing_enabled":true,"_links":{"self":[{"href":"https:\/\/casadolivreiro.pt\/index.php\/wp-json\/wp\/v2\/product\/3499"}],"collection":[{"href":"https:\/\/casadolivreiro.pt\/index.php\/wp-json\/wp\/v2\/product"}],"about":[{"href":"https:\/\/casadolivreiro.pt\/index.php\/wp-json\/wp\/v2\/types\/product"}],"replies":[{"embeddable":true,"href":"https:\/\/casadolivreiro.pt\/index.php\/wp-json\/wp\/v2\/comments?post=3499"}],"wp:featuredmedia":[{"embeddable":true,"href":"https:\/\/casadolivreiro.pt\/index.php\/wp-json\/wp\/v2\/media\/3500"}],"wp:attachment":[{"href":"https:\/\/casadolivreiro.pt\/index.php\/wp-json\/wp\/v2\/media?parent=3499"}],"wp:term":[{"taxonomy":"product_cat","embeddable":true,"href":"https:\/\/casadolivreiro.pt\/index.php\/wp-json\/wp\/v2\/product_cat?post=3499"},{"taxonomy":"product_tag","embeddable":true,"href":"https:\/\/casadolivreiro.pt\/index.php\/wp-json\/wp\/v2\/product_tag?post=3499"}],"curies":[{"name":"wp","href":"https:\/\/api.w.org\/{rel}","templated":true}]}}