{"id":3493,"date":"2025-03-22T19:03:43","date_gmt":"2025-03-22T19:03:43","guid":{"rendered":"https:\/\/casadolivreiro.pt\/?post_type=product&#038;p=3493"},"modified":"2025-03-22T19:03:43","modified_gmt":"2025-03-22T19:03:43","slug":"conseguir-o-impossivel-a-campanha-presidencial-de-manuel-alegre-contada-por-quem-a-viveu-helena-roseta-manuela-judice-nuno-david","status":"publish","type":"product","link":"https:\/\/casadolivreiro.pt\/index.php\/product\/conseguir-o-impossivel-a-campanha-presidencial-de-manuel-alegre-contada-por-quem-a-viveu-helena-roseta-manuela-judice-nuno-david\/","title":{"rendered":"CONSEGUIR O IMPOSS\u00cdVEL: A Campanha Presidencial de Manuel Alegre contada por quem a viveu \u2013 Helena Roseta, Manuela J\u00fadice, Nuno David"},"content":{"rendered":"<p>CONSEGUIR O IMPOSS\u00cdVEL: A Campanha Presidencial de Manuel Alegre contada por quem a viveu \u2013 Helena Roseta, Manuela J\u00fadice, Nuno David<\/p>\n<p>Ano de edi\u00e7\u00e3o: 2007, 1.\u00aa edi\u00e7\u00e3o<\/p>\n<p>Editor: Dom Quixote<\/p>\n<p>Idioma: Portugu\u00eas<\/p>\n<p>Dimens\u00f5es: 15.5 x 1.9 x\u00a0 23.2cm<\/p>\n<p>Encaderna\u00e7\u00e3o: Capa mole<\/p>\n<p>P\u00e1ginas: 306<\/p>\n","protected":false},"excerpt":{"rendered":"<p>CONSEGUIR O IMPOSS\u00cdVEL: A Campanha Presidencial de Manuel Alegre contada por quem a viveu \u2013 Helena Roseta, Manuela J\u00fadice, Nuno David Ano de edi\u00e7\u00e3o: 2007, 1.\u00aa edi\u00e7\u00e3o Editor: Dom Quixote Idioma: Portugu\u00eas Dimens\u00f5es: 15.5 x 1.9 x\u00a0 23.2cm Encaderna\u00e7\u00e3o: Capa mole P\u00e1ginas: 306<\/p>\n","protected":false},"featured_media":3494,"comment_status":"open","ping_status":"closed","template":"","meta":{"om_disable_all_campaigns":false,"_monsterinsights_skip_tracking":false,"_monsterinsights_sitenote_active":false,"_monsterinsights_sitenote_note":"","_monsterinsights_sitenote_category":0,"_uf_show_specific_survey":0,"_uf_disable_surveys":false},"product_cat":[36,51],"product_tag":[],"aioseo_notices":[],"jetpack_sharing_enabled":true,"_links":{"self":[{"href":"https:\/\/casadolivreiro.pt\/index.php\/wp-json\/wp\/v2\/product\/3493"}],"collection":[{"href":"https:\/\/casadolivreiro.pt\/index.php\/wp-json\/wp\/v2\/product"}],"about":[{"href":"https:\/\/casadolivreiro.pt\/index.php\/wp-json\/wp\/v2\/types\/product"}],"replies":[{"embeddable":true,"href":"https:\/\/casadolivreiro.pt\/index.php\/wp-json\/wp\/v2\/comments?post=3493"}],"wp:featuredmedia":[{"embeddable":true,"href":"https:\/\/casadolivreiro.pt\/index.php\/wp-json\/wp\/v2\/media\/3494"}],"wp:attachment":[{"href":"https:\/\/casadolivreiro.pt\/index.php\/wp-json\/wp\/v2\/media?parent=3493"}],"wp:term":[{"taxonomy":"product_cat","embeddable":true,"href":"https:\/\/casadolivreiro.pt\/index.php\/wp-json\/wp\/v2\/product_cat?post=3493"},{"taxonomy":"product_tag","embeddable":true,"href":"https:\/\/casadolivreiro.pt\/index.php\/wp-json\/wp\/v2\/product_tag?post=3493"}],"curies":[{"name":"wp","href":"https:\/\/api.w.org\/{rel}","templated":true}]}}