{"id":3491,"date":"2025-03-22T18:57:30","date_gmt":"2025-03-22T18:57:30","guid":{"rendered":"https:\/\/casadolivreiro.pt\/?post_type=product&#038;p=3491"},"modified":"2025-03-22T18:57:30","modified_gmt":"2025-03-22T18:57:30","slug":"nunca-ninguem-sabe-a-batalha-contra-o-cancro-simone-de-oliveira","status":"publish","type":"product","link":"https:\/\/casadolivreiro.pt\/index.php\/product\/nunca-ninguem-sabe-a-batalha-contra-o-cancro-simone-de-oliveira\/","title":{"rendered":"NUNCA NINGU\u00c9M SABE: A Batalha Contra o Cancro \u2013 Simone de Oliveira"},"content":{"rendered":"<p>NUNCA NINGU\u00c9M SABE: A Batalha Contra o Cancro \u2013 Simone de Oliveira<\/p>\n<p>Ano de edi\u00e7\u00e3o: 2003, 1.\u00aa edi\u00e7\u00e3o<\/p>\n<p>Editor: Dom Quixote<\/p>\n<p>Idioma: Portugu\u00eas<\/p>\n<p>Dimens\u00f5es: 16 x 1.1 x\u00a0 23.2cm<\/p>\n<p>Encaderna\u00e7\u00e3o: Capa mole<\/p>\n<p>P\u00e1ginas: 180<\/p>\n","protected":false},"excerpt":{"rendered":"<p>NUNCA NINGU\u00c9M SABE: A Batalha Contra o Cancro \u2013 Simone de Oliveira Ano de edi\u00e7\u00e3o: 2003, 1.\u00aa edi\u00e7\u00e3o Editor: Dom Quixote Idioma: Portugu\u00eas Dimens\u00f5es: 16 x 1.1 x\u00a0 23.2cm Encaderna\u00e7\u00e3o: Capa mole P\u00e1ginas: 180<\/p>\n","protected":false},"featured_media":3492,"comment_status":"open","ping_status":"closed","template":"","meta":{"om_disable_all_campaigns":false,"_monsterinsights_skip_tracking":false,"_monsterinsights_sitenote_active":false,"_monsterinsights_sitenote_note":"","_monsterinsights_sitenote_category":0,"_uf_show_specific_survey":0,"_uf_disable_surveys":false},"product_cat":[36,61],"product_tag":[],"aioseo_notices":[],"jetpack_sharing_enabled":true,"_links":{"self":[{"href":"https:\/\/casadolivreiro.pt\/index.php\/wp-json\/wp\/v2\/product\/3491"}],"collection":[{"href":"https:\/\/casadolivreiro.pt\/index.php\/wp-json\/wp\/v2\/product"}],"about":[{"href":"https:\/\/casadolivreiro.pt\/index.php\/wp-json\/wp\/v2\/types\/product"}],"replies":[{"embeddable":true,"href":"https:\/\/casadolivreiro.pt\/index.php\/wp-json\/wp\/v2\/comments?post=3491"}],"wp:featuredmedia":[{"embeddable":true,"href":"https:\/\/casadolivreiro.pt\/index.php\/wp-json\/wp\/v2\/media\/3492"}],"wp:attachment":[{"href":"https:\/\/casadolivreiro.pt\/index.php\/wp-json\/wp\/v2\/media?parent=3491"}],"wp:term":[{"taxonomy":"product_cat","embeddable":true,"href":"https:\/\/casadolivreiro.pt\/index.php\/wp-json\/wp\/v2\/product_cat?post=3491"},{"taxonomy":"product_tag","embeddable":true,"href":"https:\/\/casadolivreiro.pt\/index.php\/wp-json\/wp\/v2\/product_tag?post=3491"}],"curies":[{"name":"wp","href":"https:\/\/api.w.org\/{rel}","templated":true}]}}