{"id":349,"date":"2024-03-10T02:00:15","date_gmt":"2024-03-10T02:00:15","guid":{"rendered":"https:\/\/casadolivreiro.pt\/?post_type=product&#038;p=349"},"modified":"2024-03-10T02:00:16","modified_gmt":"2024-03-10T02:00:16","slug":"a-guerra-em-directo-carlos-fino","status":"publish","type":"product","link":"https:\/\/casadolivreiro.pt\/index.php\/product\/a-guerra-em-directo-carlos-fino\/","title":{"rendered":"A GUERRA EM DIRECTO &#8211; Carlos Fino"},"content":{"rendered":"<p>A GUERRA EM DIRECTO<br \/>\nCarlos Fino<br \/>\nISBN: 972-22-2253-8<br \/>\nEditor: Verbo, Lisboa<br \/>\nData de Lan\u00e7amento: 2003<br \/>\nIdioma:\u00a0 Portugu\u00eas<br \/>\nDimens\u00f5es: 15.7 x 1.6 x 23.5 cm<br \/>\nEncaderna\u00e7\u00e3o: Capa mole<br \/>\nP\u00e1ginas: 238<\/p>\n<p>A Guerra em Directo \u00e9 o relato dos dias e das horas dram\u00e1ticas vividas pelo Autor nos tr\u00eas teatros de guerra mais importantes deste in\u00edcio do s\u00e9culo XXI: Afeganist\u00e3o, Israel e Iraque. Trata-se de um relato muito vivo que s\u00f3 podia ser escrito por quem viveu nos locais os momentos mais impressionantes destas guerras, desde a situa\u00e7\u00e3o caricata de um rep\u00f3rter de televis\u00e3o sem c\u00e2mara de filmar no Afeganist\u00e3o, passando pelo cerco da Igreja da Natividade em Bel\u00e9m e o massacre de Jenin, at\u00e9 ao ataque com m\u00edsseis americanos ao Hotel Palestina em Bagda &#8211; tudo entremeado com as viv\u00eancias de Carlos Fino naqueles meios totalmente diferentes e in\u00f3spitos onde, apesar de tudo, alguns ganham dinheiro com a guerra e outros se fazem explodir a si pr\u00f3prios por uma quest\u00e3o de honra. Um livro que ningu\u00e9m esquecer\u00e1.<\/p>\n","protected":false},"excerpt":{"rendered":"<p>A GUERRA EM DIRECTO Carlos Fino ISBN: 972-22-2253-8 Editor: Verbo, Lisboa Data de Lan\u00e7amento: 2003 Idioma:\u00a0 Portugu\u00eas Dimens\u00f5es: 15.7 x 1.6 x 23.5 cm Encaderna\u00e7\u00e3o: Capa mole P\u00e1ginas: 238 A Guerra em Directo \u00e9 o relato dos dias e das horas dram\u00e1ticas vividas pelo Autor nos tr\u00eas teatros de guerra mais importantes deste in\u00edcio do [&hellip;]<\/p>\n","protected":false},"featured_media":350,"comment_status":"open","ping_status":"closed","template":"","meta":{"om_disable_all_campaigns":false,"_monsterinsights_skip_tracking":false,"_monsterinsights_sitenote_active":false,"_monsterinsights_sitenote_note":"","_monsterinsights_sitenote_category":0,"_uf_show_specific_survey":0,"_uf_disable_surveys":false},"product_cat":[31,30,36,62,51],"product_tag":[],"aioseo_notices":[],"jetpack_sharing_enabled":true,"_links":{"self":[{"href":"https:\/\/casadolivreiro.pt\/index.php\/wp-json\/wp\/v2\/product\/349"}],"collection":[{"href":"https:\/\/casadolivreiro.pt\/index.php\/wp-json\/wp\/v2\/product"}],"about":[{"href":"https:\/\/casadolivreiro.pt\/index.php\/wp-json\/wp\/v2\/types\/product"}],"replies":[{"embeddable":true,"href":"https:\/\/casadolivreiro.pt\/index.php\/wp-json\/wp\/v2\/comments?post=349"}],"wp:featuredmedia":[{"embeddable":true,"href":"https:\/\/casadolivreiro.pt\/index.php\/wp-json\/wp\/v2\/media\/350"}],"wp:attachment":[{"href":"https:\/\/casadolivreiro.pt\/index.php\/wp-json\/wp\/v2\/media?parent=349"}],"wp:term":[{"taxonomy":"product_cat","embeddable":true,"href":"https:\/\/casadolivreiro.pt\/index.php\/wp-json\/wp\/v2\/product_cat?post=349"},{"taxonomy":"product_tag","embeddable":true,"href":"https:\/\/casadolivreiro.pt\/index.php\/wp-json\/wp\/v2\/product_tag?post=349"}],"curies":[{"name":"wp","href":"https:\/\/api.w.org\/{rel}","templated":true}]}}