{"id":3484,"date":"2025-03-22T18:39:26","date_gmt":"2025-03-22T18:39:26","guid":{"rendered":"https:\/\/casadolivreiro.pt\/?post_type=product&#038;p=3484"},"modified":"2025-03-22T18:39:26","modified_gmt":"2025-03-22T18:39:26","slug":"guia-da-uniao-europeia-1999-fontes-de-informacao-sobre-o-uniao-europeia-portugal","status":"publish","type":"product","link":"https:\/\/casadolivreiro.pt\/index.php\/product\/guia-da-uniao-europeia-1999-fontes-de-informacao-sobre-o-uniao-europeia-portugal\/","title":{"rendered":"GUIA DA UNI\u00c3O EUROPEIA 1999: Fontes de Informa\u00e7\u00e3o sobre o Uni\u00e3o Europeia PORTUGAL"},"content":{"rendered":"<p>GUIA DA UNI\u00c3O EUROPEIA 1999: Fontes de Informa\u00e7\u00e3o sobre o Uni\u00e3o Europeia PORTUGAL<\/p>\n<p>Ano de edi\u00e7\u00e3o: 1999<\/p>\n<p>Editor: Representa\u00e7\u00e3o em Portugal da Comiss\u00e3o Europeia<\/p>\n<p>Idioma: Portugu\u00eas<\/p>\n<p>Dimens\u00f5es: 17\u00a0 x 0.7 x\u00a0 24cm<\/p>\n<p>Encaderna\u00e7\u00e3o: Capa mole<\/p>\n<p>P\u00e1ginas: 100<\/p>\n","protected":false},"excerpt":{"rendered":"<p>GUIA DA UNI\u00c3O EUROPEIA 1999: Fontes de Informa\u00e7\u00e3o sobre o Uni\u00e3o Europeia PORTUGAL Ano de edi\u00e7\u00e3o: 1999 Editor: Representa\u00e7\u00e3o em Portugal da Comiss\u00e3o Europeia Idioma: Portugu\u00eas Dimens\u00f5es: 17\u00a0 x 0.7 x\u00a0 24cm Encaderna\u00e7\u00e3o: Capa mole P\u00e1ginas: 100<\/p>\n","protected":false},"featured_media":3486,"comment_status":"open","ping_status":"closed","template":"","meta":{"om_disable_all_campaigns":false,"_monsterinsights_skip_tracking":false,"_monsterinsights_sitenote_active":false,"_monsterinsights_sitenote_note":"","_monsterinsights_sitenote_category":0,"_uf_show_specific_survey":0,"_uf_disable_surveys":false},"product_cat":[31,51],"product_tag":[],"aioseo_notices":[],"jetpack_sharing_enabled":true,"_links":{"self":[{"href":"https:\/\/casadolivreiro.pt\/index.php\/wp-json\/wp\/v2\/product\/3484"}],"collection":[{"href":"https:\/\/casadolivreiro.pt\/index.php\/wp-json\/wp\/v2\/product"}],"about":[{"href":"https:\/\/casadolivreiro.pt\/index.php\/wp-json\/wp\/v2\/types\/product"}],"replies":[{"embeddable":true,"href":"https:\/\/casadolivreiro.pt\/index.php\/wp-json\/wp\/v2\/comments?post=3484"}],"wp:featuredmedia":[{"embeddable":true,"href":"https:\/\/casadolivreiro.pt\/index.php\/wp-json\/wp\/v2\/media\/3486"}],"wp:attachment":[{"href":"https:\/\/casadolivreiro.pt\/index.php\/wp-json\/wp\/v2\/media?parent=3484"}],"wp:term":[{"taxonomy":"product_cat","embeddable":true,"href":"https:\/\/casadolivreiro.pt\/index.php\/wp-json\/wp\/v2\/product_cat?post=3484"},{"taxonomy":"product_tag","embeddable":true,"href":"https:\/\/casadolivreiro.pt\/index.php\/wp-json\/wp\/v2\/product_tag?post=3484"}],"curies":[{"name":"wp","href":"https:\/\/api.w.org\/{rel}","templated":true}]}}