{"id":3482,"date":"2025-03-22T16:41:47","date_gmt":"2025-03-22T16:41:47","guid":{"rendered":"https:\/\/casadolivreiro.pt\/?post_type=product&#038;p=3482"},"modified":"2025-03-22T16:41:47","modified_gmt":"2025-03-22T16:41:47","slug":"tempo-para-a-guerra-tempo-para-a-paz-shimon-peres","status":"publish","type":"product","link":"https:\/\/casadolivreiro.pt\/index.php\/product\/tempo-para-a-guerra-tempo-para-a-paz-shimon-peres\/","title":{"rendered":"TEMPO PARA A GUERRA, TEMPO PARA A PAZ &#8211; SHIMON PERES"},"content":{"rendered":"<p>TEMPO PARA A GUERRA, TEMPO PARA A PAZ &#8211; SHIMON PERES<\/p>\n<p>Tradu\u00e7\u00e3o de Magda Bigotte de Figueiredo<\/p>\n<p>Colec\u00e7\u00e3o Participar #31<\/p>\n<p>Ano de edi\u00e7\u00e3o: 2004, 1.\u00aa edi\u00e7\u00e3o<\/p>\n<p>Editor: Dom Quixote<\/p>\n<p>Idioma: Portugu\u00eas<\/p>\n<p>Dimens\u00f5es: 15.3\u00a0 x 1 x\u00a0 23.4cm<\/p>\n<p>Encaderna\u00e7\u00e3o: Capa mole<\/p>\n<p>P\u00e1ginas: 162<\/p>\n","protected":false},"excerpt":{"rendered":"<p>TEMPO PARA A GUERRA, TEMPO PARA A PAZ &#8211; SHIMON PERES Tradu\u00e7\u00e3o de Magda Bigotte de Figueiredo Colec\u00e7\u00e3o Participar #31 Ano de edi\u00e7\u00e3o: 2004, 1.\u00aa edi\u00e7\u00e3o Editor: Dom Quixote Idioma: Portugu\u00eas Dimens\u00f5es: 15.3\u00a0 x 1 x\u00a0 23.4cm Encaderna\u00e7\u00e3o: Capa mole P\u00e1ginas: 162<\/p>\n","protected":false},"featured_media":3483,"comment_status":"open","ping_status":"closed","template":"","meta":{"om_disable_all_campaigns":false,"_monsterinsights_skip_tracking":false,"_monsterinsights_sitenote_active":false,"_monsterinsights_sitenote_note":"","_monsterinsights_sitenote_category":0,"_uf_show_specific_survey":0,"_uf_disable_surveys":false},"product_cat":[31,30,51,61],"product_tag":[],"aioseo_notices":[],"jetpack_sharing_enabled":true,"_links":{"self":[{"href":"https:\/\/casadolivreiro.pt\/index.php\/wp-json\/wp\/v2\/product\/3482"}],"collection":[{"href":"https:\/\/casadolivreiro.pt\/index.php\/wp-json\/wp\/v2\/product"}],"about":[{"href":"https:\/\/casadolivreiro.pt\/index.php\/wp-json\/wp\/v2\/types\/product"}],"replies":[{"embeddable":true,"href":"https:\/\/casadolivreiro.pt\/index.php\/wp-json\/wp\/v2\/comments?post=3482"}],"wp:featuredmedia":[{"embeddable":true,"href":"https:\/\/casadolivreiro.pt\/index.php\/wp-json\/wp\/v2\/media\/3483"}],"wp:attachment":[{"href":"https:\/\/casadolivreiro.pt\/index.php\/wp-json\/wp\/v2\/media?parent=3482"}],"wp:term":[{"taxonomy":"product_cat","embeddable":true,"href":"https:\/\/casadolivreiro.pt\/index.php\/wp-json\/wp\/v2\/product_cat?post=3482"},{"taxonomy":"product_tag","embeddable":true,"href":"https:\/\/casadolivreiro.pt\/index.php\/wp-json\/wp\/v2\/product_tag?post=3482"}],"curies":[{"name":"wp","href":"https:\/\/api.w.org\/{rel}","templated":true}]}}