{"id":3480,"date":"2025-03-22T16:33:30","date_gmt":"2025-03-22T16:33:30","guid":{"rendered":"https:\/\/casadolivreiro.pt\/?post_type=product&#038;p=3480"},"modified":"2025-03-22T16:33:30","modified_gmt":"2025-03-22T16:33:30","slug":"esta-tudo-dito-quando-colocamos-amor-e-paixao-no-que-fazemos-criamos-a-mudanca-em-nos-e-nos-outros-amelia-borges","status":"publish","type":"product","link":"https:\/\/casadolivreiro.pt\/index.php\/product\/esta-tudo-dito-quando-colocamos-amor-e-paixao-no-que-fazemos-criamos-a-mudanca-em-nos-e-nos-outros-amelia-borges\/","title":{"rendered":"EST\u00c1 TUDO DITO! Quando colocamos amor e paix\u00e3o no que fazemos, criamos a mudan\u00e7a em n\u00f3s e nos outros \u2013 Am\u00e9lia Borges"},"content":{"rendered":"<p>EST\u00c1 TUDO DITO! Quando colocamos amor e paix\u00e3o no que fazemos, criamos a mudan\u00e7a em n\u00f3s e nos outros \u2013 Am\u00e9lia Borges<\/p>\n<p>Ano de edi\u00e7\u00e3o: 2021<\/p>\n<p>Editor: C\u00e9lia In\u00e1cio<\/p>\n<p>Idioma: Portugu\u00eas<\/p>\n<p>Dimens\u00f5es: 15\u00a0 x 0.8 x\u00a0 22.7cm<\/p>\n<p>Encaderna\u00e7\u00e3o: Capa mole<\/p>\n<p>P\u00e1ginas: 123<\/p>\n","protected":false},"excerpt":{"rendered":"<p>EST\u00c1 TUDO DITO! Quando colocamos amor e paix\u00e3o no que fazemos, criamos a mudan\u00e7a em n\u00f3s e nos outros \u2013 Am\u00e9lia Borges Ano de edi\u00e7\u00e3o: 2021 Editor: C\u00e9lia In\u00e1cio Idioma: Portugu\u00eas Dimens\u00f5es: 15\u00a0 x 0.8 x\u00a0 22.7cm Encaderna\u00e7\u00e3o: Capa mole P\u00e1ginas: 123<\/p>\n","protected":false},"featured_media":3481,"comment_status":"open","ping_status":"closed","template":"","meta":{"om_disable_all_campaigns":false,"_monsterinsights_skip_tracking":false,"_monsterinsights_sitenote_active":false,"_monsterinsights_sitenote_note":"","_monsterinsights_sitenote_category":0,"_uf_show_specific_survey":0,"_uf_disable_surveys":false},"product_cat":[28,31,36],"product_tag":[],"aioseo_notices":[],"jetpack_sharing_enabled":true,"_links":{"self":[{"href":"https:\/\/casadolivreiro.pt\/index.php\/wp-json\/wp\/v2\/product\/3480"}],"collection":[{"href":"https:\/\/casadolivreiro.pt\/index.php\/wp-json\/wp\/v2\/product"}],"about":[{"href":"https:\/\/casadolivreiro.pt\/index.php\/wp-json\/wp\/v2\/types\/product"}],"replies":[{"embeddable":true,"href":"https:\/\/casadolivreiro.pt\/index.php\/wp-json\/wp\/v2\/comments?post=3480"}],"wp:featuredmedia":[{"embeddable":true,"href":"https:\/\/casadolivreiro.pt\/index.php\/wp-json\/wp\/v2\/media\/3481"}],"wp:attachment":[{"href":"https:\/\/casadolivreiro.pt\/index.php\/wp-json\/wp\/v2\/media?parent=3480"}],"wp:term":[{"taxonomy":"product_cat","embeddable":true,"href":"https:\/\/casadolivreiro.pt\/index.php\/wp-json\/wp\/v2\/product_cat?post=3480"},{"taxonomy":"product_tag","embeddable":true,"href":"https:\/\/casadolivreiro.pt\/index.php\/wp-json\/wp\/v2\/product_tag?post=3480"}],"curies":[{"name":"wp","href":"https:\/\/api.w.org\/{rel}","templated":true}]}}