{"id":3472,"date":"2025-03-22T16:01:19","date_gmt":"2025-03-22T16:01:19","guid":{"rendered":"https:\/\/casadolivreiro.pt\/?post_type=product&#038;p=3472"},"modified":"2025-03-22T16:01:19","modified_gmt":"2025-03-22T16:01:19","slug":"pensamentos-pensadores-proverbios-amor-apresentacao-e-seleccao-de-antonio-vaz-proenca","status":"publish","type":"product","link":"https:\/\/casadolivreiro.pt\/index.php\/product\/pensamentos-pensadores-proverbios-amor-apresentacao-e-seleccao-de-antonio-vaz-proenca\/","title":{"rendered":"PENSAMENTOS, PENSADORES, PROV\u00c9RBIOS: AMOR \u2013 Apresenta\u00e7\u00e3o e selec\u00e7\u00e3o de Ant\u00f3nio Vaz Proen\u00e7a"},"content":{"rendered":"<p>PENSAMENTOS, PENSADORES, PROV\u00c9RBIOS: AMOR \u2013 Apresenta\u00e7\u00e3o e selec\u00e7\u00e3o de Ant\u00f3nio Vaz Proen\u00e7a<\/p>\n<p>Colec\u00e7\u00e3o: Pensamentos, Pensadores, Prov\u00e9rbios<\/p>\n<p>Ano de edi\u00e7\u00e3o: 1990<\/p>\n<p>Editor: Estante Editora<\/p>\n<p>Idioma: Portugu\u00eas<\/p>\n<p>Dimens\u00f5es: 15.7\u00a0 x 0.6 x\u00a0 23cm<\/p>\n<p>Encaderna\u00e7\u00e3o: Capa mole<\/p>\n<p>P\u00e1ginas: 95<\/p>\n","protected":false},"excerpt":{"rendered":"<p>PENSAMENTOS, PENSADORES, PROV\u00c9RBIOS: AMOR \u2013 Apresenta\u00e7\u00e3o e selec\u00e7\u00e3o de Ant\u00f3nio Vaz Proen\u00e7a Colec\u00e7\u00e3o: Pensamentos, Pensadores, Prov\u00e9rbios Ano de edi\u00e7\u00e3o: 1990 Editor: Estante Editora Idioma: Portugu\u00eas Dimens\u00f5es: 15.7\u00a0 x 0.6 x\u00a0 23cm Encaderna\u00e7\u00e3o: Capa mole P\u00e1ginas: 95<\/p>\n","protected":false},"featured_media":3473,"comment_status":"open","ping_status":"closed","template":"","meta":{"om_disable_all_campaigns":false,"_monsterinsights_skip_tracking":false,"_monsterinsights_sitenote_active":false,"_monsterinsights_sitenote_note":"","_monsterinsights_sitenote_category":0,"_uf_show_specific_survey":0,"_uf_disable_surveys":false},"product_cat":[31,47,29],"product_tag":[],"aioseo_notices":[],"jetpack_sharing_enabled":true,"_links":{"self":[{"href":"https:\/\/casadolivreiro.pt\/index.php\/wp-json\/wp\/v2\/product\/3472"}],"collection":[{"href":"https:\/\/casadolivreiro.pt\/index.php\/wp-json\/wp\/v2\/product"}],"about":[{"href":"https:\/\/casadolivreiro.pt\/index.php\/wp-json\/wp\/v2\/types\/product"}],"replies":[{"embeddable":true,"href":"https:\/\/casadolivreiro.pt\/index.php\/wp-json\/wp\/v2\/comments?post=3472"}],"wp:featuredmedia":[{"embeddable":true,"href":"https:\/\/casadolivreiro.pt\/index.php\/wp-json\/wp\/v2\/media\/3473"}],"wp:attachment":[{"href":"https:\/\/casadolivreiro.pt\/index.php\/wp-json\/wp\/v2\/media?parent=3472"}],"wp:term":[{"taxonomy":"product_cat","embeddable":true,"href":"https:\/\/casadolivreiro.pt\/index.php\/wp-json\/wp\/v2\/product_cat?post=3472"},{"taxonomy":"product_tag","embeddable":true,"href":"https:\/\/casadolivreiro.pt\/index.php\/wp-json\/wp\/v2\/product_tag?post=3472"}],"curies":[{"name":"wp","href":"https:\/\/api.w.org\/{rel}","templated":true}]}}