{"id":3463,"date":"2025-03-22T15:41:21","date_gmt":"2025-03-22T15:41:21","guid":{"rendered":"https:\/\/casadolivreiro.pt\/?post_type=product&#038;p=3463"},"modified":"2025-03-22T15:41:21","modified_gmt":"2025-03-22T15:41:21","slug":"comemoracao-do-centenario-do-nascimento-de-fernando-pessoa-em-sao-paulo-brasil-noticia-de-alguns-acontecimentos-26-a-30-abril-1988","status":"publish","type":"product","link":"https:\/\/casadolivreiro.pt\/index.php\/product\/comemoracao-do-centenario-do-nascimento-de-fernando-pessoa-em-sao-paulo-brasil-noticia-de-alguns-acontecimentos-26-a-30-abril-1988\/","title":{"rendered":"COMEMORA\u00c7\u00c3O DO CENTEN\u00c1RIO DO NASCIMENTO DE FERNANDO  PESSOA EM S\u00c3O PAULO BRASIL \u2013 not\u00edcia  de alguns acontecimentos 26 a 30 Abril 1988"},"content":{"rendered":"<p>COMEMORA\u00c7\u00c3O DO CENTEN\u00c1RIO DO NASCIMENTO DE FERNANDO\u00a0 PESSOA EM S\u00c3O PAULO BRASIL \u2013 not\u00edcia\u00a0 de alguns acontecimentos 26 a 30 Abril 1988<\/p>\n<p>Ano de edi\u00e7\u00e3o: 1988<\/p>\n<p>Editor: Funda\u00e7\u00e3o Eng. Ant\u00f3nio de Almeida<\/p>\n<p>Idioma: Portugu\u00eas<\/p>\n<p>Dimens\u00f5es: 16.5\u00a0 x 0.5 x\u00a0 24cm<\/p>\n<p>Encaderna\u00e7\u00e3o: Capa mole<\/p>\n<p>P\u00e1ginas: 69<\/p>\n","protected":false},"excerpt":{"rendered":"<p>COMEMORA\u00c7\u00c3O DO CENTEN\u00c1RIO DO NASCIMENTO DE FERNANDO\u00a0 PESSOA EM S\u00c3O PAULO BRASIL \u2013 not\u00edcia\u00a0 de alguns acontecimentos 26 a 30 Abril 1988 Ano de edi\u00e7\u00e3o: 1988 Editor: Funda\u00e7\u00e3o Eng. Ant\u00f3nio de Almeida Idioma: Portugu\u00eas Dimens\u00f5es: 16.5\u00a0 x 0.5 x\u00a0 24cm Encaderna\u00e7\u00e3o: Capa mole P\u00e1ginas: 69<\/p>\n","protected":false},"featured_media":3465,"comment_status":"open","ping_status":"closed","template":"","meta":{"om_disable_all_campaigns":false,"_monsterinsights_skip_tracking":false,"_monsterinsights_sitenote_active":false,"_monsterinsights_sitenote_note":"","_monsterinsights_sitenote_category":0,"_uf_show_specific_survey":0,"_uf_disable_surveys":false},"product_cat":[28,31,47,25],"product_tag":[],"aioseo_notices":[],"jetpack_sharing_enabled":true,"_links":{"self":[{"href":"https:\/\/casadolivreiro.pt\/index.php\/wp-json\/wp\/v2\/product\/3463"}],"collection":[{"href":"https:\/\/casadolivreiro.pt\/index.php\/wp-json\/wp\/v2\/product"}],"about":[{"href":"https:\/\/casadolivreiro.pt\/index.php\/wp-json\/wp\/v2\/types\/product"}],"replies":[{"embeddable":true,"href":"https:\/\/casadolivreiro.pt\/index.php\/wp-json\/wp\/v2\/comments?post=3463"}],"wp:featuredmedia":[{"embeddable":true,"href":"https:\/\/casadolivreiro.pt\/index.php\/wp-json\/wp\/v2\/media\/3465"}],"wp:attachment":[{"href":"https:\/\/casadolivreiro.pt\/index.php\/wp-json\/wp\/v2\/media?parent=3463"}],"wp:term":[{"taxonomy":"product_cat","embeddable":true,"href":"https:\/\/casadolivreiro.pt\/index.php\/wp-json\/wp\/v2\/product_cat?post=3463"},{"taxonomy":"product_tag","embeddable":true,"href":"https:\/\/casadolivreiro.pt\/index.php\/wp-json\/wp\/v2\/product_tag?post=3463"}],"curies":[{"name":"wp","href":"https:\/\/api.w.org\/{rel}","templated":true}]}}