{"id":3461,"date":"2025-03-22T15:30:09","date_gmt":"2025-03-22T15:30:09","guid":{"rendered":"https:\/\/casadolivreiro.pt\/?post_type=product&#038;p=3461"},"modified":"2025-03-22T15:30:09","modified_gmt":"2025-03-22T15:30:09","slug":"outras-perdas-uma-investigacao-sobre-a-morte-de-prisioneiros-alemaes-na-sequencia-da-segunda-guerra-mundial-james-bacque","status":"publish","type":"product","link":"https:\/\/casadolivreiro.pt\/index.php\/product\/outras-perdas-uma-investigacao-sobre-a-morte-de-prisioneiros-alemaes-na-sequencia-da-segunda-guerra-mundial-james-bacque\/","title":{"rendered":"OUTRAS PERDAS: uma Investiga\u00e7\u00e3o Sobre a Morte de Prisioneiros Alem\u00e3es na Sequ\u00eancia da Segunda Guerra Mundial \u2013 James Bacque"},"content":{"rendered":"<p>OUTRAS PERDAS: uma Investiga\u00e7\u00e3o Sobre a Morte de Prisioneiros Alem\u00e3es na Sequ\u00eancia da Segunda Guerra Mundial \u2013 James Bacque<\/p>\n<p>Tradu\u00e7\u00e3o: J. Teixeira de Aguilar<\/p>\n<p>Ano de edi\u00e7\u00e3o: 1995, 1.\u00aa edi\u00e7\u00e3o<\/p>\n<p>Editor: Edic\u00f5es ASA<\/p>\n<p>Idioma: Portugu\u00eas<\/p>\n<p>Dimens\u00f5es: 16.5\u00a0 x 2.2 x\u00a0 23.5cm<\/p>\n<p>Encaderna\u00e7\u00e3o: Capa mole<\/p>\n<p>P\u00e1ginas: 364<\/p>\n","protected":false},"excerpt":{"rendered":"<p>OUTRAS PERDAS: uma Investiga\u00e7\u00e3o Sobre a Morte de Prisioneiros Alem\u00e3es na Sequ\u00eancia da Segunda Guerra Mundial \u2013 James Bacque Tradu\u00e7\u00e3o: J. Teixeira de Aguilar Ano de edi\u00e7\u00e3o: 1995, 1.\u00aa edi\u00e7\u00e3o Editor: Edic\u00f5es ASA Idioma: Portugu\u00eas Dimens\u00f5es: 16.5\u00a0 x 2.2 x\u00a0 23.5cm Encaderna\u00e7\u00e3o: Capa mole P\u00e1ginas: 364<\/p>\n","protected":false},"featured_media":3462,"comment_status":"open","ping_status":"closed","template":"","meta":{"om_disable_all_campaigns":false,"_monsterinsights_skip_tracking":false,"_monsterinsights_sitenote_active":false,"_monsterinsights_sitenote_note":"","_monsterinsights_sitenote_category":0,"_uf_show_specific_survey":0,"_uf_disable_surveys":false},"product_cat":[31,30],"product_tag":[],"aioseo_notices":[],"jetpack_sharing_enabled":true,"_links":{"self":[{"href":"https:\/\/casadolivreiro.pt\/index.php\/wp-json\/wp\/v2\/product\/3461"}],"collection":[{"href":"https:\/\/casadolivreiro.pt\/index.php\/wp-json\/wp\/v2\/product"}],"about":[{"href":"https:\/\/casadolivreiro.pt\/index.php\/wp-json\/wp\/v2\/types\/product"}],"replies":[{"embeddable":true,"href":"https:\/\/casadolivreiro.pt\/index.php\/wp-json\/wp\/v2\/comments?post=3461"}],"wp:featuredmedia":[{"embeddable":true,"href":"https:\/\/casadolivreiro.pt\/index.php\/wp-json\/wp\/v2\/media\/3462"}],"wp:attachment":[{"href":"https:\/\/casadolivreiro.pt\/index.php\/wp-json\/wp\/v2\/media?parent=3461"}],"wp:term":[{"taxonomy":"product_cat","embeddable":true,"href":"https:\/\/casadolivreiro.pt\/index.php\/wp-json\/wp\/v2\/product_cat?post=3461"},{"taxonomy":"product_tag","embeddable":true,"href":"https:\/\/casadolivreiro.pt\/index.php\/wp-json\/wp\/v2\/product_tag?post=3461"}],"curies":[{"name":"wp","href":"https:\/\/api.w.org\/{rel}","templated":true}]}}