{"id":3455,"date":"2025-03-22T14:21:07","date_gmt":"2025-03-22T14:21:07","guid":{"rendered":"https:\/\/casadolivreiro.pt\/?post_type=product&#038;p=3455"},"modified":"2025-03-22T14:21:07","modified_gmt":"2025-03-22T14:21:07","slug":"ii-congresso-das-instituicoes-privadas-de-solidariedade-social-fausto-martins","status":"publish","type":"product","link":"https:\/\/casadolivreiro.pt\/index.php\/product\/ii-congresso-das-instituicoes-privadas-de-solidariedade-social-fausto-martins\/","title":{"rendered":"II CONGRESSO DAS INSTITUI\u00c7\u00d5ES PRIVADAS DE SOLIDARIEDADE SOCIAL- Fausto Martins"},"content":{"rendered":"<p>II CONGRESSO DAS INSTITUI\u00c7\u00d5ES PRIVADAS DE SOLIDARIEDADE SOCIAL- Fausto Martins<\/p>\n<p>Ano de edi\u00e7\u00e3o: 1980<\/p>\n<p>Editor: Uni\u00e3o das INSTITUI\u00c7\u00d5ES PRIVADAS DE SOLIDARIEDADE SOCIAL<\/p>\n<p>Idioma: Portugu\u00eas<\/p>\n<p>Dimens\u00f5es: 16.8\u00a0 x 3 x\u00a0 23.5cm<\/p>\n<p>Encaderna\u00e7\u00e3o: Capa mole<\/p>\n<p>P\u00e1ginas: 482<\/p>\n","protected":false},"excerpt":{"rendered":"<p>II CONGRESSO DAS INSTITUI\u00c7\u00d5ES PRIVADAS DE SOLIDARIEDADE SOCIAL- Fausto Martins Ano de edi\u00e7\u00e3o: 1980 Editor: Uni\u00e3o das INSTITUI\u00c7\u00d5ES PRIVADAS DE SOLIDARIEDADE SOCIAL Idioma: Portugu\u00eas Dimens\u00f5es: 16.8\u00a0 x 3 x\u00a0 23.5cm Encaderna\u00e7\u00e3o: Capa mole P\u00e1ginas: 482<\/p>\n","protected":false},"featured_media":3456,"comment_status":"open","ping_status":"closed","template":"","meta":{"om_disable_all_campaigns":false,"_monsterinsights_skip_tracking":false,"_monsterinsights_sitenote_active":false,"_monsterinsights_sitenote_note":"","_monsterinsights_sitenote_category":0,"_uf_show_specific_survey":0,"_uf_disable_surveys":false},"product_cat":[31,41,59],"product_tag":[],"aioseo_notices":[],"jetpack_sharing_enabled":true,"_links":{"self":[{"href":"https:\/\/casadolivreiro.pt\/index.php\/wp-json\/wp\/v2\/product\/3455"}],"collection":[{"href":"https:\/\/casadolivreiro.pt\/index.php\/wp-json\/wp\/v2\/product"}],"about":[{"href":"https:\/\/casadolivreiro.pt\/index.php\/wp-json\/wp\/v2\/types\/product"}],"replies":[{"embeddable":true,"href":"https:\/\/casadolivreiro.pt\/index.php\/wp-json\/wp\/v2\/comments?post=3455"}],"wp:featuredmedia":[{"embeddable":true,"href":"https:\/\/casadolivreiro.pt\/index.php\/wp-json\/wp\/v2\/media\/3456"}],"wp:attachment":[{"href":"https:\/\/casadolivreiro.pt\/index.php\/wp-json\/wp\/v2\/media?parent=3455"}],"wp:term":[{"taxonomy":"product_cat","embeddable":true,"href":"https:\/\/casadolivreiro.pt\/index.php\/wp-json\/wp\/v2\/product_cat?post=3455"},{"taxonomy":"product_tag","embeddable":true,"href":"https:\/\/casadolivreiro.pt\/index.php\/wp-json\/wp\/v2\/product_tag?post=3455"}],"curies":[{"name":"wp","href":"https:\/\/api.w.org\/{rel}","templated":true}]}}