{"id":3452,"date":"2025-03-22T00:28:56","date_gmt":"2025-03-22T00:28:56","guid":{"rendered":"https:\/\/casadolivreiro.pt\/?post_type=product&#038;p=3452"},"modified":"2025-03-22T00:28:56","modified_gmt":"2025-03-22T00:28:56","slug":"a-minha-vida-e-um-cabaret-rui-unas","status":"publish","type":"product","link":"https:\/\/casadolivreiro.pt\/index.php\/product\/a-minha-vida-e-um-cabaret-rui-unas\/","title":{"rendered":"A MINHA VIDA \u00c9 UM CABARET \u2013 Rui Unas"},"content":{"rendered":"<p>A MINHA VIDA \u00c9 UM CABARET \u2013 Rui Unas<\/p>\n<p>Ano de edi\u00e7\u00e3o: 2004<\/p>\n<p>Editor: Texto Editora<\/p>\n<p>Idioma: Portugu\u00eas<\/p>\n<p>Dimens\u00f5es: 15.3\u00a0 x 0.9 x\u00a0 22.8cm<\/p>\n<p>Encaderna\u00e7\u00e3o: Capa mole<\/p>\n<p>P\u00e1ginas: 127<\/p>\n","protected":false},"excerpt":{"rendered":"<p>A MINHA VIDA \u00c9 UM CABARET \u2013 Rui Unas Ano de edi\u00e7\u00e3o: 2004 Editor: Texto Editora Idioma: Portugu\u00eas Dimens\u00f5es: 15.3\u00a0 x 0.9 x\u00a0 22.8cm Encaderna\u00e7\u00e3o: Capa mole P\u00e1ginas: 127<\/p>\n","protected":false},"featured_media":3453,"comment_status":"open","ping_status":"closed","template":"","meta":{"om_disable_all_campaigns":false,"_monsterinsights_skip_tracking":false,"_monsterinsights_sitenote_active":false,"_monsterinsights_sitenote_note":"","_monsterinsights_sitenote_category":0,"_uf_show_specific_survey":0,"_uf_disable_surveys":false},"product_cat":[36],"product_tag":[],"aioseo_notices":[],"jetpack_sharing_enabled":true,"_links":{"self":[{"href":"https:\/\/casadolivreiro.pt\/index.php\/wp-json\/wp\/v2\/product\/3452"}],"collection":[{"href":"https:\/\/casadolivreiro.pt\/index.php\/wp-json\/wp\/v2\/product"}],"about":[{"href":"https:\/\/casadolivreiro.pt\/index.php\/wp-json\/wp\/v2\/types\/product"}],"replies":[{"embeddable":true,"href":"https:\/\/casadolivreiro.pt\/index.php\/wp-json\/wp\/v2\/comments?post=3452"}],"wp:featuredmedia":[{"embeddable":true,"href":"https:\/\/casadolivreiro.pt\/index.php\/wp-json\/wp\/v2\/media\/3453"}],"wp:attachment":[{"href":"https:\/\/casadolivreiro.pt\/index.php\/wp-json\/wp\/v2\/media?parent=3452"}],"wp:term":[{"taxonomy":"product_cat","embeddable":true,"href":"https:\/\/casadolivreiro.pt\/index.php\/wp-json\/wp\/v2\/product_cat?post=3452"},{"taxonomy":"product_tag","embeddable":true,"href":"https:\/\/casadolivreiro.pt\/index.php\/wp-json\/wp\/v2\/product_tag?post=3452"}],"curies":[{"name":"wp","href":"https:\/\/api.w.org\/{rel}","templated":true}]}}