{"id":3446,"date":"2025-03-22T00:12:59","date_gmt":"2025-03-22T00:12:59","guid":{"rendered":"https:\/\/casadolivreiro.pt\/?post_type=product&#038;p=3446"},"modified":"2025-03-22T00:12:59","modified_gmt":"2025-03-22T00:12:59","slug":"constituicao-da-republica-portuguesa-actualizada-1993","status":"publish","type":"product","link":"https:\/\/casadolivreiro.pt\/index.php\/product\/constituicao-da-republica-portuguesa-actualizada-1993\/","title":{"rendered":"CONSTITUI\u00c7\u00c3O DA REP\u00daBLICA PORTUGUESA- Actualizada 1993"},"content":{"rendered":"<p>CONSTITUI\u00c7\u00c3O DA REP\u00daBLICA PORTUGUESA- Actualizada 1993<\/p>\n<p>Ano de edi\u00e7\u00e3o: 1993<\/p>\n<p>Editor: Livraria Almedina,\u00a0 Coimbra<\/p>\n<p>Idioma: Portugu\u00eas<\/p>\n<p>Dimens\u00f5es: 16\u00a0 x 1 x\u00a0 23cm<\/p>\n<p>Encaderna\u00e7\u00e3o: Capa mole<\/p>\n<p>P\u00e1ginas: 206<\/p>\n","protected":false},"excerpt":{"rendered":"<p>CONSTITUI\u00c7\u00c3O DA REP\u00daBLICA PORTUGUESA- Actualizada 1993 Ano de edi\u00e7\u00e3o: 1993 Editor: Livraria Almedina,\u00a0 Coimbra Idioma: Portugu\u00eas Dimens\u00f5es: 16\u00a0 x 1 x\u00a0 23cm Encaderna\u00e7\u00e3o: Capa mole P\u00e1ginas: 206<\/p>\n","protected":false},"featured_media":3447,"comment_status":"open","ping_status":"closed","template":"","meta":{"om_disable_all_campaigns":false,"_monsterinsights_skip_tracking":false,"_monsterinsights_sitenote_active":false,"_monsterinsights_sitenote_note":"","_monsterinsights_sitenote_category":0,"_uf_show_specific_survey":0,"_uf_disable_surveys":false},"product_cat":[31,42,51],"product_tag":[],"aioseo_notices":[],"jetpack_sharing_enabled":true,"_links":{"self":[{"href":"https:\/\/casadolivreiro.pt\/index.php\/wp-json\/wp\/v2\/product\/3446"}],"collection":[{"href":"https:\/\/casadolivreiro.pt\/index.php\/wp-json\/wp\/v2\/product"}],"about":[{"href":"https:\/\/casadolivreiro.pt\/index.php\/wp-json\/wp\/v2\/types\/product"}],"replies":[{"embeddable":true,"href":"https:\/\/casadolivreiro.pt\/index.php\/wp-json\/wp\/v2\/comments?post=3446"}],"wp:featuredmedia":[{"embeddable":true,"href":"https:\/\/casadolivreiro.pt\/index.php\/wp-json\/wp\/v2\/media\/3447"}],"wp:attachment":[{"href":"https:\/\/casadolivreiro.pt\/index.php\/wp-json\/wp\/v2\/media?parent=3446"}],"wp:term":[{"taxonomy":"product_cat","embeddable":true,"href":"https:\/\/casadolivreiro.pt\/index.php\/wp-json\/wp\/v2\/product_cat?post=3446"},{"taxonomy":"product_tag","embeddable":true,"href":"https:\/\/casadolivreiro.pt\/index.php\/wp-json\/wp\/v2\/product_tag?post=3446"}],"curies":[{"name":"wp","href":"https:\/\/api.w.org\/{rel}","templated":true}]}}