{"id":3444,"date":"2025-03-22T00:08:16","date_gmt":"2025-03-22T00:08:16","guid":{"rendered":"https:\/\/casadolivreiro.pt\/?post_type=product&#038;p=3444"},"modified":"2025-03-22T00:08:17","modified_gmt":"2025-03-22T00:08:17","slug":"entrevistas-no-centro-do-mundo-henrique-cymerman","status":"publish","type":"product","link":"https:\/\/casadolivreiro.pt\/index.php\/product\/entrevistas-no-centro-do-mundo-henrique-cymerman\/","title":{"rendered":"ENTREVISTAS  NO CENTRO DO MUNDO \u2013 Henrique Cymerman"},"content":{"rendered":"<p>ENTREVISTAS\u00a0 NO CENTRO DO MUNDO \u2013 Henrique Cymerman<\/p>\n<p>Ano de edi\u00e7\u00e3o: 2004, 1.\u00aa edi\u00e7\u00e3o<\/p>\n<p>Editor: Prime Books<\/p>\n<p>Idioma: Portugu\u00eas<\/p>\n<p>Dimens\u00f5es: 15\u00a0 x 1.4 x\u00a0 22.8cm<\/p>\n<p>Encaderna\u00e7\u00e3o: Capa mole<\/p>\n<p>P\u00e1ginas: 230<\/p>\n","protected":false},"excerpt":{"rendered":"<p>ENTREVISTAS\u00a0 NO CENTRO DO MUNDO \u2013 Henrique Cymerman Ano de edi\u00e7\u00e3o: 2004, 1.\u00aa edi\u00e7\u00e3o Editor: Prime Books Idioma: Portugu\u00eas Dimens\u00f5es: 15\u00a0 x 1.4 x\u00a0 22.8cm Encaderna\u00e7\u00e3o: Capa mole P\u00e1ginas: 230<\/p>\n","protected":false},"featured_media":3445,"comment_status":"open","ping_status":"closed","template":"","meta":{"om_disable_all_campaigns":false,"_monsterinsights_skip_tracking":false,"_monsterinsights_sitenote_active":false,"_monsterinsights_sitenote_note":"","_monsterinsights_sitenote_category":0,"_uf_show_specific_survey":0,"_uf_disable_surveys":false},"product_cat":[31,36,65],"product_tag":[],"aioseo_notices":[],"jetpack_sharing_enabled":true,"_links":{"self":[{"href":"https:\/\/casadolivreiro.pt\/index.php\/wp-json\/wp\/v2\/product\/3444"}],"collection":[{"href":"https:\/\/casadolivreiro.pt\/index.php\/wp-json\/wp\/v2\/product"}],"about":[{"href":"https:\/\/casadolivreiro.pt\/index.php\/wp-json\/wp\/v2\/types\/product"}],"replies":[{"embeddable":true,"href":"https:\/\/casadolivreiro.pt\/index.php\/wp-json\/wp\/v2\/comments?post=3444"}],"wp:featuredmedia":[{"embeddable":true,"href":"https:\/\/casadolivreiro.pt\/index.php\/wp-json\/wp\/v2\/media\/3445"}],"wp:attachment":[{"href":"https:\/\/casadolivreiro.pt\/index.php\/wp-json\/wp\/v2\/media?parent=3444"}],"wp:term":[{"taxonomy":"product_cat","embeddable":true,"href":"https:\/\/casadolivreiro.pt\/index.php\/wp-json\/wp\/v2\/product_cat?post=3444"},{"taxonomy":"product_tag","embeddable":true,"href":"https:\/\/casadolivreiro.pt\/index.php\/wp-json\/wp\/v2\/product_tag?post=3444"}],"curies":[{"name":"wp","href":"https:\/\/api.w.org\/{rel}","templated":true}]}}