{"id":3440,"date":"2025-03-21T23:51:31","date_gmt":"2025-03-21T23:51:31","guid":{"rendered":"https:\/\/casadolivreiro.pt\/?post_type=product&#038;p=3440"},"modified":"2025-03-21T23:51:31","modified_gmt":"2025-03-21T23:51:31","slug":"por-dentro-das-guerras-mario-de-carvalho-e-luis-costa","status":"publish","type":"product","link":"https:\/\/casadolivreiro.pt\/index.php\/product\/por-dentro-das-guerras-mario-de-carvalho-e-luis-costa\/","title":{"rendered":"POR DENTRO DAS GUERRAS \u2013 M\u00e1rio de Carvalho e Lu\u00eds Costa"},"content":{"rendered":"<p>POR DENTRO DAS GUERRAS \u2013 M\u00e1rio de Carvalho e Lu\u00eds Costa<\/p>\n<p>Ano de edi\u00e7\u00e3o: 2003<\/p>\n<p>Editor: Prime Books<\/p>\n<p>Idioma: Portugu\u00eas<\/p>\n<p>Dimens\u00f5es: 14.9\u00a0 x 1.6 x\u00a0 23cm<\/p>\n<p>Encaderna\u00e7\u00e3o: Capa mole<\/p>\n<p>P\u00e1ginas: 223<\/p>\n","protected":false},"excerpt":{"rendered":"<p>POR DENTRO DAS GUERRAS \u2013 M\u00e1rio de Carvalho e Lu\u00eds Costa Ano de edi\u00e7\u00e3o: 2003 Editor: Prime Books Idioma: Portugu\u00eas Dimens\u00f5es: 14.9\u00a0 x 1.6 x\u00a0 23cm Encaderna\u00e7\u00e3o: Capa mole P\u00e1ginas: 223<\/p>\n","protected":false},"featured_media":3441,"comment_status":"open","ping_status":"closed","template":"","meta":{"om_disable_all_campaigns":false,"_monsterinsights_skip_tracking":false,"_monsterinsights_sitenote_active":false,"_monsterinsights_sitenote_note":"","_monsterinsights_sitenote_category":0,"_uf_show_specific_survey":0,"_uf_disable_surveys":false},"product_cat":[30,36,51,65],"product_tag":[],"aioseo_notices":[],"jetpack_sharing_enabled":true,"_links":{"self":[{"href":"https:\/\/casadolivreiro.pt\/index.php\/wp-json\/wp\/v2\/product\/3440"}],"collection":[{"href":"https:\/\/casadolivreiro.pt\/index.php\/wp-json\/wp\/v2\/product"}],"about":[{"href":"https:\/\/casadolivreiro.pt\/index.php\/wp-json\/wp\/v2\/types\/product"}],"replies":[{"embeddable":true,"href":"https:\/\/casadolivreiro.pt\/index.php\/wp-json\/wp\/v2\/comments?post=3440"}],"wp:featuredmedia":[{"embeddable":true,"href":"https:\/\/casadolivreiro.pt\/index.php\/wp-json\/wp\/v2\/media\/3441"}],"wp:attachment":[{"href":"https:\/\/casadolivreiro.pt\/index.php\/wp-json\/wp\/v2\/media?parent=3440"}],"wp:term":[{"taxonomy":"product_cat","embeddable":true,"href":"https:\/\/casadolivreiro.pt\/index.php\/wp-json\/wp\/v2\/product_cat?post=3440"},{"taxonomy":"product_tag","embeddable":true,"href":"https:\/\/casadolivreiro.pt\/index.php\/wp-json\/wp\/v2\/product_tag?post=3440"}],"curies":[{"name":"wp","href":"https:\/\/api.w.org\/{rel}","templated":true}]}}