{"id":3436,"date":"2025-03-21T23:41:08","date_gmt":"2025-03-21T23:41:08","guid":{"rendered":"https:\/\/casadolivreiro.pt\/?post_type=product&#038;p=3436"},"modified":"2025-03-21T23:41:08","modified_gmt":"2025-03-21T23:41:08","slug":"actos-dos-vii-cursos-internacionais-de-verao-de-cascais-vol-3-o-terceiro-milenio-medos-e-esperancas","status":"publish","type":"product","link":"https:\/\/casadolivreiro.pt\/index.php\/product\/actos-dos-vii-cursos-internacionais-de-verao-de-cascais-vol-3-o-terceiro-milenio-medos-e-esperancas\/","title":{"rendered":"ACTOS DOS VII CURSOS INTERNACIONAIS DE VER\u00c3O DE CASCAIS, Vol.3, O TERCEIRO MIL\u00c9NIO: MEDOS E ESPERAN\u00c7AS"},"content":{"rendered":"<p>ACTOS DOS VII CURSOS INTERNACIONAIS DE VER\u00c3O DE CASCAIS, Vol.3, O TERCEIRO MIL\u00c9NIO: MEDOS E ESPERAN\u00c7AS<\/p>\n<p>Director Jos\u00e9 Tengarrinha<\/p>\n<p>Ano de edi\u00e7\u00e3o: 2000<\/p>\n<p>Editor: Camara Municipal de Cascais<\/p>\n<p>Idioma: Portugu\u00eas<\/p>\n<p>Dimens\u00f5es: 17\u00a0 x 1 x\u00a0 24cm<\/p>\n<p>Encaderna\u00e7\u00e3o: Capa mole<\/p>\n<p>P\u00e1ginas: 135<\/p>\n","protected":false},"excerpt":{"rendered":"<p>ACTOS DOS VII CURSOS INTERNACIONAIS DE VER\u00c3O DE CASCAIS, Vol.3, O TERCEIRO MIL\u00c9NIO: MEDOS E ESPERAN\u00c7AS Director Jos\u00e9 Tengarrinha Ano de edi\u00e7\u00e3o: 2000 Editor: Camara Municipal de Cascais Idioma: Portugu\u00eas Dimens\u00f5es: 17\u00a0 x 1 x\u00a0 24cm Encaderna\u00e7\u00e3o: Capa mole P\u00e1ginas: 135<\/p>\n","protected":false},"featured_media":3437,"comment_status":"open","ping_status":"closed","template":"","meta":{"om_disable_all_campaigns":false,"_monsterinsights_skip_tracking":false,"_monsterinsights_sitenote_active":false,"_monsterinsights_sitenote_note":"","_monsterinsights_sitenote_category":0,"_uf_show_specific_survey":0,"_uf_disable_surveys":false},"product_cat":[47,30],"product_tag":[],"aioseo_notices":[],"jetpack_sharing_enabled":true,"_links":{"self":[{"href":"https:\/\/casadolivreiro.pt\/index.php\/wp-json\/wp\/v2\/product\/3436"}],"collection":[{"href":"https:\/\/casadolivreiro.pt\/index.php\/wp-json\/wp\/v2\/product"}],"about":[{"href":"https:\/\/casadolivreiro.pt\/index.php\/wp-json\/wp\/v2\/types\/product"}],"replies":[{"embeddable":true,"href":"https:\/\/casadolivreiro.pt\/index.php\/wp-json\/wp\/v2\/comments?post=3436"}],"wp:featuredmedia":[{"embeddable":true,"href":"https:\/\/casadolivreiro.pt\/index.php\/wp-json\/wp\/v2\/media\/3437"}],"wp:attachment":[{"href":"https:\/\/casadolivreiro.pt\/index.php\/wp-json\/wp\/v2\/media?parent=3436"}],"wp:term":[{"taxonomy":"product_cat","embeddable":true,"href":"https:\/\/casadolivreiro.pt\/index.php\/wp-json\/wp\/v2\/product_cat?post=3436"},{"taxonomy":"product_tag","embeddable":true,"href":"https:\/\/casadolivreiro.pt\/index.php\/wp-json\/wp\/v2\/product_tag?post=3436"}],"curies":[{"name":"wp","href":"https:\/\/api.w.org\/{rel}","templated":true}]}}