{"id":3432,"date":"2025-03-21T23:31:55","date_gmt":"2025-03-21T23:31:55","guid":{"rendered":"https:\/\/casadolivreiro.pt\/?post_type=product&#038;p=3432"},"modified":"2025-03-21T23:31:56","modified_gmt":"2025-03-21T23:31:56","slug":"mahatma-gandhi-susmita-arp","status":"publish","type":"product","link":"https:\/\/casadolivreiro.pt\/index.php\/product\/mahatma-gandhi-susmita-arp\/","title":{"rendered":"MAHATMA GANDHI \u2013 Susmita Arp"},"content":{"rendered":"<p>MAHATMA GANDHI \u2013 Susmita Arp<\/p>\n<p>Colec\u00e7\u00e3o A minha vida deu um livro<\/p>\n<p>Tradu\u00e7\u00e3o: In\u00e8s Cardeira<\/p>\n<p>Ano de edi\u00e7\u00e3o: 2011<\/p>\n<p>Editor: Expresso<\/p>\n<p>Idioma: Portugu\u00eas<\/p>\n<p>Dimens\u00f5es: 11.7 x 1.1 x\u00a0 18cm<\/p>\n<p>Encaderna\u00e7\u00e3o: Capa mole<\/p>\n<p>P\u00e1ginas: 127<\/p>\n","protected":false},"excerpt":{"rendered":"<p>MAHATMA GANDHI \u2013 Susmita Arp Colec\u00e7\u00e3o A minha vida deu um livro Tradu\u00e7\u00e3o: In\u00e8s Cardeira Ano de edi\u00e7\u00e3o: 2011 Editor: Expresso Idioma: Portugu\u00eas Dimens\u00f5es: 11.7 x 1.1 x\u00a0 18cm Encaderna\u00e7\u00e3o: Capa mole P\u00e1ginas: 127<\/p>\n","protected":false},"featured_media":3433,"comment_status":"open","ping_status":"closed","template":"","meta":{"om_disable_all_campaigns":false,"_monsterinsights_skip_tracking":false,"_monsterinsights_sitenote_active":false,"_monsterinsights_sitenote_note":"","_monsterinsights_sitenote_category":0,"_uf_show_specific_survey":0,"_uf_disable_surveys":false},"product_cat":[28],"product_tag":[],"aioseo_notices":[],"jetpack_sharing_enabled":true,"_links":{"self":[{"href":"https:\/\/casadolivreiro.pt\/index.php\/wp-json\/wp\/v2\/product\/3432"}],"collection":[{"href":"https:\/\/casadolivreiro.pt\/index.php\/wp-json\/wp\/v2\/product"}],"about":[{"href":"https:\/\/casadolivreiro.pt\/index.php\/wp-json\/wp\/v2\/types\/product"}],"replies":[{"embeddable":true,"href":"https:\/\/casadolivreiro.pt\/index.php\/wp-json\/wp\/v2\/comments?post=3432"}],"wp:featuredmedia":[{"embeddable":true,"href":"https:\/\/casadolivreiro.pt\/index.php\/wp-json\/wp\/v2\/media\/3433"}],"wp:attachment":[{"href":"https:\/\/casadolivreiro.pt\/index.php\/wp-json\/wp\/v2\/media?parent=3432"}],"wp:term":[{"taxonomy":"product_cat","embeddable":true,"href":"https:\/\/casadolivreiro.pt\/index.php\/wp-json\/wp\/v2\/product_cat?post=3432"},{"taxonomy":"product_tag","embeddable":true,"href":"https:\/\/casadolivreiro.pt\/index.php\/wp-json\/wp\/v2\/product_tag?post=3432"}],"curies":[{"name":"wp","href":"https:\/\/api.w.org\/{rel}","templated":true}]}}