{"id":3416,"date":"2025-03-21T22:59:50","date_gmt":"2025-03-21T22:59:50","guid":{"rendered":"https:\/\/casadolivreiro.pt\/?post_type=product&#038;p=3416"},"modified":"2025-04-01T13:52:00","modified_gmt":"2025-04-01T13:52:00","slug":"figures-de-uma-decada-livros-de-ouro-1993-2003-visao","status":"publish","type":"product","link":"https:\/\/casadolivreiro.pt\/index.php\/product\/figures-de-uma-decada-livros-de-ouro-1993-2003-visao\/","title":{"rendered":"FIGURAS DE UMA D\u00c9CADA: Livros de Ouro 1993-2003, Vis\u00e3o"},"content":{"rendered":"<p>FIGURAS DE UMA D\u00c9CADA: Livros de Ouro 1993-2003, Vis\u00e3o<\/p>\n<p>Ano de edi\u00e7\u00e3o: 2003<\/p>\n<p>Editor: Vis\u00e3o<\/p>\n<p>Idioma: Portugu\u00eas<\/p>\n<p>Dimens\u00f5es: 21.3 x 1.6 x\u00a0 30.3cm<\/p>\n<p>Encaderna\u00e7\u00e3o: Capa dura<\/p>\n<p>P\u00e1ginas: 207<\/p>\n","protected":false},"excerpt":{"rendered":"<p>FIGURAS DE UMA D\u00c9CADA: Livros de Ouro 1993-2003, Vis\u00e3o Ano de edi\u00e7\u00e3o: 2003 Editor: Vis\u00e3o Idioma: Portugu\u00eas Dimens\u00f5es: 21.3 x 1.6 x\u00a0 30.3cm Encaderna\u00e7\u00e3o: Capa dura P\u00e1ginas: 207<\/p>\n","protected":false},"featured_media":3417,"comment_status":"open","ping_status":"closed","template":"","meta":{"om_disable_all_campaigns":false,"_monsterinsights_skip_tracking":false,"_monsterinsights_sitenote_active":false,"_monsterinsights_sitenote_note":"","_monsterinsights_sitenote_category":0,"_uf_show_specific_survey":0,"_uf_disable_surveys":false},"product_cat":[28,31,49,65],"product_tag":[],"aioseo_notices":[],"jetpack_sharing_enabled":true,"_links":{"self":[{"href":"https:\/\/casadolivreiro.pt\/index.php\/wp-json\/wp\/v2\/product\/3416"}],"collection":[{"href":"https:\/\/casadolivreiro.pt\/index.php\/wp-json\/wp\/v2\/product"}],"about":[{"href":"https:\/\/casadolivreiro.pt\/index.php\/wp-json\/wp\/v2\/types\/product"}],"replies":[{"embeddable":true,"href":"https:\/\/casadolivreiro.pt\/index.php\/wp-json\/wp\/v2\/comments?post=3416"}],"wp:featuredmedia":[{"embeddable":true,"href":"https:\/\/casadolivreiro.pt\/index.php\/wp-json\/wp\/v2\/media\/3417"}],"wp:attachment":[{"href":"https:\/\/casadolivreiro.pt\/index.php\/wp-json\/wp\/v2\/media?parent=3416"}],"wp:term":[{"taxonomy":"product_cat","embeddable":true,"href":"https:\/\/casadolivreiro.pt\/index.php\/wp-json\/wp\/v2\/product_cat?post=3416"},{"taxonomy":"product_tag","embeddable":true,"href":"https:\/\/casadolivreiro.pt\/index.php\/wp-json\/wp\/v2\/product_tag?post=3416"}],"curies":[{"name":"wp","href":"https:\/\/api.w.org\/{rel}","templated":true}]}}