{"id":3412,"date":"2025-03-21T22:36:20","date_gmt":"2025-03-21T22:36:20","guid":{"rendered":"https:\/\/casadolivreiro.pt\/?post_type=product&#038;p=3412"},"modified":"2025-03-21T22:36:20","modified_gmt":"2025-03-21T22:36:20","slug":"estrategia-para-a-sustentabilidade-da-cidade-do-porto","status":"publish","type":"product","link":"https:\/\/casadolivreiro.pt\/index.php\/product\/estrategia-para-a-sustentabilidade-da-cidade-do-porto\/","title":{"rendered":"ESTRAT\u00c9GIA PARA A SUSTENTABILIDADE DA CIDADE DO PORTO"},"content":{"rendered":"<p>ESTRAT\u00c9GIA PARA A SUSTENTABILIDADE DA CIDADE DO PORTO<\/p>\n<p>Ano de edi\u00e7\u00e3o: 2009<\/p>\n<p>Editor: C\u00e0mara Municipal do Porto<\/p>\n<p>Idioma: Portugu\u00eas<\/p>\n<p>Dimens\u00f5es: 20 x 1 x\u00a0 27cm<\/p>\n<p>Encaderna\u00e7\u00e3o: Capa mole<\/p>\n<p>P\u00e1ginas: 84<\/p>\n","protected":false},"excerpt":{"rendered":"<p>ESTRAT\u00c9GIA PARA A SUSTENTABILIDADE DA CIDADE DO PORTO Ano de edi\u00e7\u00e3o: 2009 Editor: C\u00e0mara Municipal do Porto Idioma: Portugu\u00eas Dimens\u00f5es: 20 x 1 x\u00a0 27cm Encaderna\u00e7\u00e3o: Capa mole P\u00e1ginas: 84<\/p>\n","protected":false},"featured_media":3413,"comment_status":"open","ping_status":"closed","template":"","meta":{"om_disable_all_campaigns":false,"_monsterinsights_skip_tracking":false,"_monsterinsights_sitenote_active":false,"_monsterinsights_sitenote_note":"","_monsterinsights_sitenote_category":0,"_uf_show_specific_survey":0,"_uf_disable_surveys":false},"product_cat":[41],"product_tag":[],"aioseo_notices":[],"jetpack_sharing_enabled":true,"_links":{"self":[{"href":"https:\/\/casadolivreiro.pt\/index.php\/wp-json\/wp\/v2\/product\/3412"}],"collection":[{"href":"https:\/\/casadolivreiro.pt\/index.php\/wp-json\/wp\/v2\/product"}],"about":[{"href":"https:\/\/casadolivreiro.pt\/index.php\/wp-json\/wp\/v2\/types\/product"}],"replies":[{"embeddable":true,"href":"https:\/\/casadolivreiro.pt\/index.php\/wp-json\/wp\/v2\/comments?post=3412"}],"wp:featuredmedia":[{"embeddable":true,"href":"https:\/\/casadolivreiro.pt\/index.php\/wp-json\/wp\/v2\/media\/3413"}],"wp:attachment":[{"href":"https:\/\/casadolivreiro.pt\/index.php\/wp-json\/wp\/v2\/media?parent=3412"}],"wp:term":[{"taxonomy":"product_cat","embeddable":true,"href":"https:\/\/casadolivreiro.pt\/index.php\/wp-json\/wp\/v2\/product_cat?post=3412"},{"taxonomy":"product_tag","embeddable":true,"href":"https:\/\/casadolivreiro.pt\/index.php\/wp-json\/wp\/v2\/product_tag?post=3412"}],"curies":[{"name":"wp","href":"https:\/\/api.w.org\/{rel}","templated":true}]}}