{"id":3410,"date":"2025-03-21T21:31:40","date_gmt":"2025-03-21T21:31:40","guid":{"rendered":"https:\/\/casadolivreiro.pt\/?post_type=product&#038;p=3410"},"modified":"2025-03-21T21:31:40","modified_gmt":"2025-03-21T21:31:40","slug":"adolfo-roque-uma-vida-cheia-carlos-oliveira-santos","status":"publish","type":"product","link":"https:\/\/casadolivreiro.pt\/index.php\/product\/adolfo-roque-uma-vida-cheia-carlos-oliveira-santos\/","title":{"rendered":"ADOLFO ROQUE: UMA VIDA CHEIA \u2013 Carlos Oliveira Santos"},"content":{"rendered":"<p>ADOLFO ROQUE: UMA VIDA CHEIA \u2013 Carlos Oliveira Santos<\/p>\n<p>Ano de edi\u00e7\u00e3o: 2009<\/p>\n<p>Editor: Medialivros, Lisboa<\/p>\n<p>Idioma: Portugu\u00eas<\/p>\n<p>Dimens\u00f5es: 24.5 x 2.2 x\u00a0 31.7cm<\/p>\n<p>Encaderna\u00e7\u00e3o: Capa dura<\/p>\n<p>P\u00e1ginas: 226<\/p>\n","protected":false},"excerpt":{"rendered":"<p>ADOLFO ROQUE: UMA VIDA CHEIA \u2013 Carlos Oliveira Santos Ano de edi\u00e7\u00e3o: 2009 Editor: Medialivros, Lisboa Idioma: Portugu\u00eas Dimens\u00f5es: 24.5 x 2.2 x\u00a0 31.7cm Encaderna\u00e7\u00e3o: Capa dura P\u00e1ginas: 226<\/p>\n","protected":false},"featured_media":3411,"comment_status":"open","ping_status":"closed","template":"","meta":{"om_disable_all_campaigns":false,"_monsterinsights_skip_tracking":false,"_monsterinsights_sitenote_active":false,"_monsterinsights_sitenote_note":"","_monsterinsights_sitenote_category":0,"_uf_show_specific_survey":0,"_uf_disable_surveys":false},"product_cat":[28,49],"product_tag":[],"aioseo_notices":[],"jetpack_sharing_enabled":true,"_links":{"self":[{"href":"https:\/\/casadolivreiro.pt\/index.php\/wp-json\/wp\/v2\/product\/3410"}],"collection":[{"href":"https:\/\/casadolivreiro.pt\/index.php\/wp-json\/wp\/v2\/product"}],"about":[{"href":"https:\/\/casadolivreiro.pt\/index.php\/wp-json\/wp\/v2\/types\/product"}],"replies":[{"embeddable":true,"href":"https:\/\/casadolivreiro.pt\/index.php\/wp-json\/wp\/v2\/comments?post=3410"}],"wp:featuredmedia":[{"embeddable":true,"href":"https:\/\/casadolivreiro.pt\/index.php\/wp-json\/wp\/v2\/media\/3411"}],"wp:attachment":[{"href":"https:\/\/casadolivreiro.pt\/index.php\/wp-json\/wp\/v2\/media?parent=3410"}],"wp:term":[{"taxonomy":"product_cat","embeddable":true,"href":"https:\/\/casadolivreiro.pt\/index.php\/wp-json\/wp\/v2\/product_cat?post=3410"},{"taxonomy":"product_tag","embeddable":true,"href":"https:\/\/casadolivreiro.pt\/index.php\/wp-json\/wp\/v2\/product_tag?post=3410"}],"curies":[{"name":"wp","href":"https:\/\/api.w.org\/{rel}","templated":true}]}}