{"id":341,"date":"2024-03-10T01:45:52","date_gmt":"2024-03-10T01:45:52","guid":{"rendered":"https:\/\/casadolivreiro.pt\/?post_type=product&#038;p=341"},"modified":"2024-03-10T01:45:52","modified_gmt":"2024-03-10T01:45:52","slug":"espioes-espionagem-historia-da-segunda-mais-velha-profissao-do-mundo-philip-knightley","status":"publish","type":"product","link":"https:\/\/casadolivreiro.pt\/index.php\/product\/espioes-espionagem-historia-da-segunda-mais-velha-profissao-do-mundo-philip-knightley\/","title":{"rendered":"ESPI\u00d5ES &#038; ESPIONAGEM: Hist\u00f3ria da segunda mais velha profiss\u00e3o do Mundo &#8211; Philip Knightley"},"content":{"rendered":"<p>ESPI\u00d5ES &amp; ESPIONAGEM: Hist\u00f3ria da segunda mais velha profiss\u00e3o do Mundo<br \/>\nPhilip Knightley<br \/>\nISBN: 972-42-0085-X<br \/>\nTradu\u00e7\u00e3o de Maria Jos\u00e9 Bellino Machado<br \/>\nEditor: C\u00edrculo de Leitores, Lisboa<br \/>\nData de Lan\u00e7amento: 1990<br \/>\nIdioma:\u00a0 Portugu\u00eas<br \/>\nDimens\u00f5es: 15 x 2.4 x 24.3 cm<br \/>\nEncaderna\u00e7\u00e3o: Capa dura<br \/>\nP\u00e1ginas: 254<\/p>\n","protected":false},"excerpt":{"rendered":"<p>ESPI\u00d5ES &amp; ESPIONAGEM: Hist\u00f3ria da segunda mais velha profiss\u00e3o do Mundo Philip Knightley ISBN: 972-42-0085-X Tradu\u00e7\u00e3o de Maria Jos\u00e9 Bellino Machado Editor: C\u00edrculo de Leitores, Lisboa Data de Lan\u00e7amento: 1990 Idioma:\u00a0 Portugu\u00eas Dimens\u00f5es: 15 x 2.4 x 24.3 cm Encaderna\u00e7\u00e3o: Capa dura P\u00e1ginas: 254<\/p>\n","protected":false},"featured_media":342,"comment_status":"open","ping_status":"closed","template":"","meta":{"om_disable_all_campaigns":false,"_monsterinsights_skip_tracking":false,"_monsterinsights_sitenote_active":false,"_monsterinsights_sitenote_note":"","_monsterinsights_sitenote_category":0,"_uf_show_specific_survey":0,"_uf_disable_surveys":false},"product_cat":[31,30,44,62],"product_tag":[],"aioseo_notices":[],"jetpack_sharing_enabled":true,"_links":{"self":[{"href":"https:\/\/casadolivreiro.pt\/index.php\/wp-json\/wp\/v2\/product\/341"}],"collection":[{"href":"https:\/\/casadolivreiro.pt\/index.php\/wp-json\/wp\/v2\/product"}],"about":[{"href":"https:\/\/casadolivreiro.pt\/index.php\/wp-json\/wp\/v2\/types\/product"}],"replies":[{"embeddable":true,"href":"https:\/\/casadolivreiro.pt\/index.php\/wp-json\/wp\/v2\/comments?post=341"}],"wp:featuredmedia":[{"embeddable":true,"href":"https:\/\/casadolivreiro.pt\/index.php\/wp-json\/wp\/v2\/media\/342"}],"wp:attachment":[{"href":"https:\/\/casadolivreiro.pt\/index.php\/wp-json\/wp\/v2\/media?parent=341"}],"wp:term":[{"taxonomy":"product_cat","embeddable":true,"href":"https:\/\/casadolivreiro.pt\/index.php\/wp-json\/wp\/v2\/product_cat?post=341"},{"taxonomy":"product_tag","embeddable":true,"href":"https:\/\/casadolivreiro.pt\/index.php\/wp-json\/wp\/v2\/product_tag?post=341"}],"curies":[{"name":"wp","href":"https:\/\/api.w.org\/{rel}","templated":true}]}}