{"id":3408,"date":"2025-03-21T21:21:52","date_gmt":"2025-03-21T21:21:52","guid":{"rendered":"https:\/\/casadolivreiro.pt\/?post_type=product&#038;p=3408"},"modified":"2025-03-21T21:21:52","modified_gmt":"2025-03-21T21:21:52","slug":"o-segundo-eu-os-computadores-e-o-espirito-humano-sherry-turkle","status":"publish","type":"product","link":"https:\/\/casadolivreiro.pt\/index.php\/product\/o-segundo-eu-os-computadores-e-o-espirito-humano-sherry-turkle\/","title":{"rendered":"O SEGUNDO EU: OS COMPUTADORES E O ESP\u00cdRITO HUMANO \u2013 Sherry Turkle"},"content":{"rendered":"<p>O SEGUNDO EU: OS COMPUTADORES E O ESP\u00cdRITO HUMANO \u2013 Sherry Turkle<\/p>\n<p>Tradu\u00e7\u00e3o: Manuela Madureira<\/p>\n<p>Ano de edi\u00e7\u00e3o: 1989<\/p>\n<p>Editor: Presen\u00e7a<\/p>\n<p>Idioma: Portugu\u00eas<\/p>\n<p>Dimens\u00f5es: 15 x 1.7 x\u00a0 23.5cm<\/p>\n<p>Encaderna\u00e7\u00e3o: Capa mole<\/p>\n<p>P\u00e1ginas: 305<\/p>\n","protected":false},"excerpt":{"rendered":"<p>O SEGUNDO EU: OS COMPUTADORES E O ESP\u00cdRITO HUMANO \u2013 Sherry Turkle Tradu\u00e7\u00e3o: Manuela Madureira Ano de edi\u00e7\u00e3o: 1989 Editor: Presen\u00e7a Idioma: Portugu\u00eas Dimens\u00f5es: 15 x 1.7 x\u00a0 23.5cm Encaderna\u00e7\u00e3o: Capa mole P\u00e1ginas: 305<\/p>\n","protected":false},"featured_media":3409,"comment_status":"open","ping_status":"closed","template":"","meta":{"om_disable_all_campaigns":false,"_monsterinsights_skip_tracking":false,"_monsterinsights_sitenote_active":false,"_monsterinsights_sitenote_note":"","_monsterinsights_sitenote_category":0,"_uf_show_specific_survey":0,"_uf_disable_surveys":false},"product_cat":[41,48],"product_tag":[],"aioseo_notices":[],"jetpack_sharing_enabled":true,"_links":{"self":[{"href":"https:\/\/casadolivreiro.pt\/index.php\/wp-json\/wp\/v2\/product\/3408"}],"collection":[{"href":"https:\/\/casadolivreiro.pt\/index.php\/wp-json\/wp\/v2\/product"}],"about":[{"href":"https:\/\/casadolivreiro.pt\/index.php\/wp-json\/wp\/v2\/types\/product"}],"replies":[{"embeddable":true,"href":"https:\/\/casadolivreiro.pt\/index.php\/wp-json\/wp\/v2\/comments?post=3408"}],"wp:featuredmedia":[{"embeddable":true,"href":"https:\/\/casadolivreiro.pt\/index.php\/wp-json\/wp\/v2\/media\/3409"}],"wp:attachment":[{"href":"https:\/\/casadolivreiro.pt\/index.php\/wp-json\/wp\/v2\/media?parent=3408"}],"wp:term":[{"taxonomy":"product_cat","embeddable":true,"href":"https:\/\/casadolivreiro.pt\/index.php\/wp-json\/wp\/v2\/product_cat?post=3408"},{"taxonomy":"product_tag","embeddable":true,"href":"https:\/\/casadolivreiro.pt\/index.php\/wp-json\/wp\/v2\/product_tag?post=3408"}],"curies":[{"name":"wp","href":"https:\/\/api.w.org\/{rel}","templated":true}]}}