{"id":3404,"date":"2025-03-21T21:08:16","date_gmt":"2025-03-21T21:08:16","guid":{"rendered":"https:\/\/casadolivreiro.pt\/?post_type=product&#038;p=3404"},"modified":"2025-03-21T23:00:22","modified_gmt":"2025-03-21T23:00:22","slug":"regime-juridico-do-contrato-de-trabalho-anotado-bernardo-da-gama-lobo-xavier","status":"publish","type":"product","link":"https:\/\/casadolivreiro.pt\/index.php\/product\/regime-juridico-do-contrato-de-trabalho-anotado-bernardo-da-gama-lobo-xavier\/","title":{"rendered":"REGIME JUR\u00cdDICO DO CONTRATO DE TRABALHO Anotado \u2013 Bernardo da Gama Lobo Xavier"},"content":{"rendered":"<p>REGIME JUR\u00cdDICO DO CONTRATO DE TRABALHO Anotado \u2013 Bernardo da Gama Lobo Xavier<\/p>\n<p>Ano de edi\u00e7\u00e3o: 1969<\/p>\n<p>Editor: Atl\u00e2ntida Editora, Coimbra<\/p>\n<p>Idioma: Portugu\u00eas<\/p>\n<p>Dimens\u00f5es: 16.8 x 2 x\u00a0 24cm<\/p>\n<p>Encaderna\u00e7\u00e3o: Capa mole<\/p>\n<p>P\u00e1ginas: 322<\/p>\n","protected":false},"excerpt":{"rendered":"<p>REGIME JUR\u00cdDICO DO CONTRATO DE TRABALHO Anotado \u2013 Bernardo da Gama Lobo Xavier Ano de edi\u00e7\u00e3o: 1969 Editor: Atl\u00e2ntida Editora, Coimbra Idioma: Portugu\u00eas Dimens\u00f5es: 16.8 x 2 x\u00a0 24cm Encaderna\u00e7\u00e3o: Capa mole P\u00e1ginas: 322<\/p>\n","protected":false},"featured_media":3405,"comment_status":"open","ping_status":"closed","template":"","meta":{"om_disable_all_campaigns":false,"_monsterinsights_skip_tracking":false,"_monsterinsights_sitenote_active":false,"_monsterinsights_sitenote_note":"","_monsterinsights_sitenote_category":0,"_uf_show_specific_survey":0,"_uf_disable_surveys":false},"product_cat":[31,42,41],"product_tag":[],"aioseo_notices":[],"jetpack_sharing_enabled":true,"_links":{"self":[{"href":"https:\/\/casadolivreiro.pt\/index.php\/wp-json\/wp\/v2\/product\/3404"}],"collection":[{"href":"https:\/\/casadolivreiro.pt\/index.php\/wp-json\/wp\/v2\/product"}],"about":[{"href":"https:\/\/casadolivreiro.pt\/index.php\/wp-json\/wp\/v2\/types\/product"}],"replies":[{"embeddable":true,"href":"https:\/\/casadolivreiro.pt\/index.php\/wp-json\/wp\/v2\/comments?post=3404"}],"wp:featuredmedia":[{"embeddable":true,"href":"https:\/\/casadolivreiro.pt\/index.php\/wp-json\/wp\/v2\/media\/3405"}],"wp:attachment":[{"href":"https:\/\/casadolivreiro.pt\/index.php\/wp-json\/wp\/v2\/media?parent=3404"}],"wp:term":[{"taxonomy":"product_cat","embeddable":true,"href":"https:\/\/casadolivreiro.pt\/index.php\/wp-json\/wp\/v2\/product_cat?post=3404"},{"taxonomy":"product_tag","embeddable":true,"href":"https:\/\/casadolivreiro.pt\/index.php\/wp-json\/wp\/v2\/product_tag?post=3404"}],"curies":[{"name":"wp","href":"https:\/\/api.w.org\/{rel}","templated":true}]}}