{"id":3402,"date":"2025-03-21T20:09:40","date_gmt":"2025-03-21T20:09:40","guid":{"rendered":"https:\/\/casadolivreiro.pt\/?post_type=product&#038;p=3402"},"modified":"2025-03-21T20:09:40","modified_gmt":"2025-03-21T20:09:40","slug":"city-breaks-48-horas-numa-cidade-no3-guias","status":"publish","type":"product","link":"https:\/\/casadolivreiro.pt\/index.php\/product\/city-breaks-48-horas-numa-cidade-no3-guias\/","title":{"rendered":"CITY BREAKS 48 HORAS NUMA CIDADE, N\u00ba3 Guias"},"content":{"rendered":"<p>CITY BREAKS 48 HORAS NUMA CIDADE, N\u00ba3 Guias<\/p>\n<p>Ano de edi\u00e7\u00e3o:<\/p>\n<p>Editor: My Place e Basmati Publisher (S\u00e1bado)<\/p>\n<p>Idioma: Portugu\u00eas<\/p>\n<p>Dimens\u00f5es: 15 x 0.4 x\u00a0 22.8cm<\/p>\n<p>Encaderna\u00e7\u00e3o: Capa mole<\/p>\n<p>P\u00e1ginas: 98<\/p>\n","protected":false},"excerpt":{"rendered":"<p>CITY BREAKS 48 HORAS NUMA CIDADE, N\u00ba3 Guias Ano de edi\u00e7\u00e3o: Editor: My Place e Basmati Publisher (S\u00e1bado) Idioma: Portugu\u00eas Dimens\u00f5es: 15 x 0.4 x\u00a0 22.8cm Encaderna\u00e7\u00e3o: Capa mole P\u00e1ginas: 98<\/p>\n","protected":false},"featured_media":3403,"comment_status":"open","ping_status":"closed","template":"","meta":{"om_disable_all_campaigns":false,"_monsterinsights_skip_tracking":false,"_monsterinsights_sitenote_active":false,"_monsterinsights_sitenote_note":"","_monsterinsights_sitenote_category":0,"_uf_show_specific_survey":0,"_uf_disable_surveys":false},"product_cat":[39],"product_tag":[],"aioseo_notices":[],"jetpack_sharing_enabled":true,"_links":{"self":[{"href":"https:\/\/casadolivreiro.pt\/index.php\/wp-json\/wp\/v2\/product\/3402"}],"collection":[{"href":"https:\/\/casadolivreiro.pt\/index.php\/wp-json\/wp\/v2\/product"}],"about":[{"href":"https:\/\/casadolivreiro.pt\/index.php\/wp-json\/wp\/v2\/types\/product"}],"replies":[{"embeddable":true,"href":"https:\/\/casadolivreiro.pt\/index.php\/wp-json\/wp\/v2\/comments?post=3402"}],"wp:featuredmedia":[{"embeddable":true,"href":"https:\/\/casadolivreiro.pt\/index.php\/wp-json\/wp\/v2\/media\/3403"}],"wp:attachment":[{"href":"https:\/\/casadolivreiro.pt\/index.php\/wp-json\/wp\/v2\/media?parent=3402"}],"wp:term":[{"taxonomy":"product_cat","embeddable":true,"href":"https:\/\/casadolivreiro.pt\/index.php\/wp-json\/wp\/v2\/product_cat?post=3402"},{"taxonomy":"product_tag","embeddable":true,"href":"https:\/\/casadolivreiro.pt\/index.php\/wp-json\/wp\/v2\/product_tag?post=3402"}],"curies":[{"name":"wp","href":"https:\/\/api.w.org\/{rel}","templated":true}]}}