{"id":3400,"date":"2025-03-21T20:02:53","date_gmt":"2025-03-21T20:02:53","guid":{"rendered":"https:\/\/casadolivreiro.pt\/?post_type=product&#038;p=3400"},"modified":"2025-03-21T20:02:53","modified_gmt":"2025-03-21T20:02:53","slug":"the-principles-of-marine-insurance-harold-a-turner","status":"publish","type":"product","link":"https:\/\/casadolivreiro.pt\/index.php\/product\/the-principles-of-marine-insurance-harold-a-turner\/","title":{"rendered":"THE PRINCIPLES OF MARINE INSURANCE \u2013 Harold A. Turner"},"content":{"rendered":"<p>THE PRINCIPLES OF MARINE INSURANCE \u2013 Harold A. Turner<\/p>\n<p>Ano de edi\u00e7\u00e3o: 1971<\/p>\n<p>Editor: Stone &amp; Cox Limited, London<\/p>\n<p>Idioma: Ingl\u00eas<\/p>\n<p>Dimens\u00f5es: 14.3 x 1.7 x\u00a0 22.5cm<\/p>\n<p>Encaderna\u00e7\u00e3o: Capa dura<\/p>\n<p>P\u00e1ginas: 208<\/p>\n","protected":false},"excerpt":{"rendered":"<p>THE PRINCIPLES OF MARINE INSURANCE \u2013 Harold A. Turner Ano de edi\u00e7\u00e3o: 1971 Editor: Stone &amp; Cox Limited, London Idioma: Ingl\u00eas Dimens\u00f5es: 14.3 x 1.7 x\u00a0 22.5cm Encaderna\u00e7\u00e3o: Capa dura P\u00e1ginas: 208<\/p>\n","protected":false},"featured_media":3401,"comment_status":"open","ping_status":"closed","template":"","meta":{"om_disable_all_campaigns":false,"_monsterinsights_skip_tracking":false,"_monsterinsights_sitenote_active":false,"_monsterinsights_sitenote_note":"","_monsterinsights_sitenote_category":0,"_uf_show_specific_survey":0,"_uf_disable_surveys":false},"product_cat":[41,55],"product_tag":[],"aioseo_notices":[],"jetpack_sharing_enabled":true,"_links":{"self":[{"href":"https:\/\/casadolivreiro.pt\/index.php\/wp-json\/wp\/v2\/product\/3400"}],"collection":[{"href":"https:\/\/casadolivreiro.pt\/index.php\/wp-json\/wp\/v2\/product"}],"about":[{"href":"https:\/\/casadolivreiro.pt\/index.php\/wp-json\/wp\/v2\/types\/product"}],"replies":[{"embeddable":true,"href":"https:\/\/casadolivreiro.pt\/index.php\/wp-json\/wp\/v2\/comments?post=3400"}],"wp:featuredmedia":[{"embeddable":true,"href":"https:\/\/casadolivreiro.pt\/index.php\/wp-json\/wp\/v2\/media\/3401"}],"wp:attachment":[{"href":"https:\/\/casadolivreiro.pt\/index.php\/wp-json\/wp\/v2\/media?parent=3400"}],"wp:term":[{"taxonomy":"product_cat","embeddable":true,"href":"https:\/\/casadolivreiro.pt\/index.php\/wp-json\/wp\/v2\/product_cat?post=3400"},{"taxonomy":"product_tag","embeddable":true,"href":"https:\/\/casadolivreiro.pt\/index.php\/wp-json\/wp\/v2\/product_tag?post=3400"}],"curies":[{"name":"wp","href":"https:\/\/api.w.org\/{rel}","templated":true}]}}