{"id":3397,"date":"2025-03-21T18:34:31","date_gmt":"2025-03-21T18:34:31","guid":{"rendered":"https:\/\/casadolivreiro.pt\/?post_type=product&#038;p=3397"},"modified":"2025-03-21T18:34:31","modified_gmt":"2025-03-21T18:34:31","slug":"guerra-e-politica-em-nome-da-verdade-os-anos-decisivos-kaulza-de-arriaga","status":"publish","type":"product","link":"https:\/\/casadolivreiro.pt\/index.php\/product\/guerra-e-politica-em-nome-da-verdade-os-anos-decisivos-kaulza-de-arriaga\/","title":{"rendered":"GUERRA E POL\u00cdTICA: EM NOME DA VERDADE OS ANOS DECISIVOS \u2013 Ka\u00falza de Arriaga"},"content":{"rendered":"<p>GUERRA E POL\u00cdTICA: EM NOME DA VERDADE OS ANOS DECISIVOS \u2013 Ka\u00falza de Arriaga<\/p>\n<p>Ano de edi\u00e7\u00e3o: 1987<\/p>\n<p>Editor: Edi\u00e7\u00f5es Referendo, Lisboa<\/p>\n<p>Idioma: Portugu\u00eas<\/p>\n<p>Dimens\u00f5es: 16.6 x 2.1 x\u00a0 24cm<\/p>\n<p>Encaderna\u00e7\u00e3o: Capa mole<\/p>\n<p>P\u00e1ginas: 387<\/p>\n","protected":false},"excerpt":{"rendered":"<p>GUERRA E POL\u00cdTICA: EM NOME DA VERDADE OS ANOS DECISIVOS \u2013 Ka\u00falza de Arriaga Ano de edi\u00e7\u00e3o: 1987 Editor: Edi\u00e7\u00f5es Referendo, Lisboa Idioma: Portugu\u00eas Dimens\u00f5es: 16.6 x 2.1 x\u00a0 24cm Encaderna\u00e7\u00e3o: Capa mole P\u00e1ginas: 387<\/p>\n","protected":false},"featured_media":3398,"comment_status":"open","ping_status":"closed","template":"","meta":{"om_disable_all_campaigns":false,"_monsterinsights_skip_tracking":false,"_monsterinsights_sitenote_active":false,"_monsterinsights_sitenote_note":"","_monsterinsights_sitenote_category":0,"_uf_show_specific_survey":0,"_uf_disable_surveys":false},"product_cat":[51],"product_tag":[],"aioseo_notices":[],"jetpack_sharing_enabled":true,"_links":{"self":[{"href":"https:\/\/casadolivreiro.pt\/index.php\/wp-json\/wp\/v2\/product\/3397"}],"collection":[{"href":"https:\/\/casadolivreiro.pt\/index.php\/wp-json\/wp\/v2\/product"}],"about":[{"href":"https:\/\/casadolivreiro.pt\/index.php\/wp-json\/wp\/v2\/types\/product"}],"replies":[{"embeddable":true,"href":"https:\/\/casadolivreiro.pt\/index.php\/wp-json\/wp\/v2\/comments?post=3397"}],"wp:featuredmedia":[{"embeddable":true,"href":"https:\/\/casadolivreiro.pt\/index.php\/wp-json\/wp\/v2\/media\/3398"}],"wp:attachment":[{"href":"https:\/\/casadolivreiro.pt\/index.php\/wp-json\/wp\/v2\/media?parent=3397"}],"wp:term":[{"taxonomy":"product_cat","embeddable":true,"href":"https:\/\/casadolivreiro.pt\/index.php\/wp-json\/wp\/v2\/product_cat?post=3397"},{"taxonomy":"product_tag","embeddable":true,"href":"https:\/\/casadolivreiro.pt\/index.php\/wp-json\/wp\/v2\/product_tag?post=3397"}],"curies":[{"name":"wp","href":"https:\/\/api.w.org\/{rel}","templated":true}]}}