{"id":3392,"date":"2025-03-21T18:13:32","date_gmt":"2025-03-21T18:13:32","guid":{"rendered":"https:\/\/casadolivreiro.pt\/?post_type=product&#038;p=3392"},"modified":"2025-03-21T18:13:32","modified_gmt":"2025-03-21T18:13:32","slug":"caderno-de-memorias-jose-manuel-villas-boas","status":"publish","type":"product","link":"https:\/\/casadolivreiro.pt\/index.php\/product\/caderno-de-memorias-jose-manuel-villas-boas\/","title":{"rendered":"CADERNO DE MEM\u00d3RIAS \u2013 Jos\u00e9 Manuel Villas-Boas"},"content":{"rendered":"<p>CADERNO DE MEM\u00d3RIAS \u2013 Jos\u00e9 Manuel Villas-Boas<\/p>\n<p>Ano de edi\u00e7\u00e3o: 2003,\u00a0 a.\u00aa edi\u00e7\u00e3o<\/p>\n<p>Editor: Temas e Debates \u2013 Actividades Editoriais, Lisboa<\/p>\n<p>Idioma: Portugu\u00eas<\/p>\n<p>Dimens\u00f5es: 15.2 x 1.6 x\u00a0 24cm<\/p>\n<p>Encaderna\u00e7\u00e3o: Capa mole<\/p>\n<p>P\u00e1ginas: 264<\/p>\n","protected":false},"excerpt":{"rendered":"<p>CADERNO DE MEM\u00d3RIAS \u2013 Jos\u00e9 Manuel Villas-Boas Ano de edi\u00e7\u00e3o: 2003,\u00a0 a.\u00aa edi\u00e7\u00e3o Editor: Temas e Debates \u2013 Actividades Editoriais, Lisboa Idioma: Portugu\u00eas Dimens\u00f5es: 15.2 x 1.6 x\u00a0 24cm Encaderna\u00e7\u00e3o: Capa mole P\u00e1ginas: 264<\/p>\n","protected":false},"featured_media":3393,"comment_status":"open","ping_status":"closed","template":"","meta":{"om_disable_all_campaigns":false,"_monsterinsights_skip_tracking":false,"_monsterinsights_sitenote_active":false,"_monsterinsights_sitenote_note":"","_monsterinsights_sitenote_category":0,"_uf_show_specific_survey":0,"_uf_disable_surveys":false},"product_cat":[36,51],"product_tag":[],"aioseo_notices":[],"jetpack_sharing_enabled":true,"_links":{"self":[{"href":"https:\/\/casadolivreiro.pt\/index.php\/wp-json\/wp\/v2\/product\/3392"}],"collection":[{"href":"https:\/\/casadolivreiro.pt\/index.php\/wp-json\/wp\/v2\/product"}],"about":[{"href":"https:\/\/casadolivreiro.pt\/index.php\/wp-json\/wp\/v2\/types\/product"}],"replies":[{"embeddable":true,"href":"https:\/\/casadolivreiro.pt\/index.php\/wp-json\/wp\/v2\/comments?post=3392"}],"wp:featuredmedia":[{"embeddable":true,"href":"https:\/\/casadolivreiro.pt\/index.php\/wp-json\/wp\/v2\/media\/3393"}],"wp:attachment":[{"href":"https:\/\/casadolivreiro.pt\/index.php\/wp-json\/wp\/v2\/media?parent=3392"}],"wp:term":[{"taxonomy":"product_cat","embeddable":true,"href":"https:\/\/casadolivreiro.pt\/index.php\/wp-json\/wp\/v2\/product_cat?post=3392"},{"taxonomy":"product_tag","embeddable":true,"href":"https:\/\/casadolivreiro.pt\/index.php\/wp-json\/wp\/v2\/product_tag?post=3392"}],"curies":[{"name":"wp","href":"https:\/\/api.w.org\/{rel}","templated":true}]}}