{"id":3390,"date":"2025-03-21T18:06:53","date_gmt":"2025-03-21T18:06:53","guid":{"rendered":"https:\/\/casadolivreiro.pt\/?post_type=product&#038;p=3390"},"modified":"2025-03-21T18:06:53","modified_gmt":"2025-03-21T18:06:53","slug":"chaotics-vencer-em-tempo-de-caos-o-negocio-da-gestao-e-do-marketing-na-era-da-turbulencia-philip-kotler-john-a-caslione","status":"publish","type":"product","link":"https:\/\/casadolivreiro.pt\/index.php\/product\/chaotics-vencer-em-tempo-de-caos-o-negocio-da-gestao-e-do-marketing-na-era-da-turbulencia-philip-kotler-john-a-caslione\/","title":{"rendered":"CHAOTICS VENCER EM TEMPO DE CAOS:  O neg\u00f3cio da Gest\u00e3o e do Marketing na Era da Turbul\u00eancia \u2013 Philip Kotler, John A. Caslione"},"content":{"rendered":"<p>CHAOTICS VENCER EM TEMPO DE CAOS:\u00a0 O neg\u00f3cio da Gest\u00e3o e do Marketing na Era da Turbul\u00eancia \u2013 Philip Kotler, John A. Caslione<\/p>\n<p>Tradu\u00e7\u00e3o: Fabrico Pr\u00f3prio<\/p>\n<p>Ano de edi\u00e7\u00e3o: 2009<\/p>\n<p>Editor: Actual Editora, Lisboa<\/p>\n<p>Idioma: Portugu\u00eas<\/p>\n<p>Dimens\u00f5es: 15.5 x 1.7 x\u00a0 24cm<\/p>\n<p>Encaderna\u00e7\u00e3o: Capa mole<\/p>\n<p>P\u00e1ginas: 230<\/p>\n","protected":false},"excerpt":{"rendered":"<p>CHAOTICS VENCER EM TEMPO DE CAOS:\u00a0 O neg\u00f3cio da Gest\u00e3o e do Marketing na Era da Turbul\u00eancia \u2013 Philip Kotler, John A. Caslione Tradu\u00e7\u00e3o: Fabrico Pr\u00f3prio Ano de edi\u00e7\u00e3o: 2009 Editor: Actual Editora, Lisboa Idioma: Portugu\u00eas Dimens\u00f5es: 15.5 x 1.7 x\u00a0 24cm Encaderna\u00e7\u00e3o: Capa mole P\u00e1ginas: 230<\/p>\n","protected":false},"featured_media":3391,"comment_status":"open","ping_status":"closed","template":"","meta":{"om_disable_all_campaigns":false,"_monsterinsights_skip_tracking":false,"_monsterinsights_sitenote_active":false,"_monsterinsights_sitenote_note":"","_monsterinsights_sitenote_category":0,"_uf_show_specific_survey":0,"_uf_disable_surveys":false},"product_cat":[31],"product_tag":[],"aioseo_notices":[],"jetpack_sharing_enabled":true,"_links":{"self":[{"href":"https:\/\/casadolivreiro.pt\/index.php\/wp-json\/wp\/v2\/product\/3390"}],"collection":[{"href":"https:\/\/casadolivreiro.pt\/index.php\/wp-json\/wp\/v2\/product"}],"about":[{"href":"https:\/\/casadolivreiro.pt\/index.php\/wp-json\/wp\/v2\/types\/product"}],"replies":[{"embeddable":true,"href":"https:\/\/casadolivreiro.pt\/index.php\/wp-json\/wp\/v2\/comments?post=3390"}],"wp:featuredmedia":[{"embeddable":true,"href":"https:\/\/casadolivreiro.pt\/index.php\/wp-json\/wp\/v2\/media\/3391"}],"wp:attachment":[{"href":"https:\/\/casadolivreiro.pt\/index.php\/wp-json\/wp\/v2\/media?parent=3390"}],"wp:term":[{"taxonomy":"product_cat","embeddable":true,"href":"https:\/\/casadolivreiro.pt\/index.php\/wp-json\/wp\/v2\/product_cat?post=3390"},{"taxonomy":"product_tag","embeddable":true,"href":"https:\/\/casadolivreiro.pt\/index.php\/wp-json\/wp\/v2\/product_tag?post=3390"}],"curies":[{"name":"wp","href":"https:\/\/api.w.org\/{rel}","templated":true}]}}