{"id":3388,"date":"2025-03-21T17:59:29","date_gmt":"2025-03-21T17:59:29","guid":{"rendered":"https:\/\/casadolivreiro.pt\/?post_type=product&#038;p=3388"},"modified":"2025-03-21T17:59:29","modified_gmt":"2025-03-21T17:59:29","slug":"a-era-da-incerteza-charles-handy","status":"publish","type":"product","link":"https:\/\/casadolivreiro.pt\/index.php\/product\/a-era-da-incerteza-charles-handy\/","title":{"rendered":"A ERA DA INCERTEZA \u2013 Charles Handy"},"content":{"rendered":"<p>A ERA DA INCERTEZA \u2013 Charles Handy<\/p>\n<p>Tradu\u00e7\u00e3o: Francisco de Oliveira Faia<\/p>\n<p>Ano de edi\u00e7\u00e3o: 1999<\/p>\n<p>Editor: Edi\u00e7\u00f5es CETOP<\/p>\n<p>Idioma: Portugu\u00eas<\/p>\n<p>Dimens\u00f5es: 15.3 x 1.1 x\u00a0 22.9cm<\/p>\n<p>Encaderna\u00e7\u00e3o: Capa mole<\/p>\n<p>P\u00e1ginas: 191<\/p>\n","protected":false},"excerpt":{"rendered":"<p>A ERA DA INCERTEZA \u2013 Charles Handy Tradu\u00e7\u00e3o: Francisco de Oliveira Faia Ano de edi\u00e7\u00e3o: 1999 Editor: Edi\u00e7\u00f5es CETOP Idioma: Portugu\u00eas Dimens\u00f5es: 15.3 x 1.1 x\u00a0 22.9cm Encaderna\u00e7\u00e3o: Capa mole P\u00e1ginas: 191<\/p>\n","protected":false},"featured_media":3389,"comment_status":"open","ping_status":"closed","template":"","meta":{"om_disable_all_campaigns":false,"_monsterinsights_skip_tracking":false,"_monsterinsights_sitenote_active":false,"_monsterinsights_sitenote_note":"","_monsterinsights_sitenote_category":0,"_uf_show_specific_survey":0,"_uf_disable_surveys":false},"product_cat":[31],"product_tag":[],"aioseo_notices":[],"jetpack_sharing_enabled":true,"_links":{"self":[{"href":"https:\/\/casadolivreiro.pt\/index.php\/wp-json\/wp\/v2\/product\/3388"}],"collection":[{"href":"https:\/\/casadolivreiro.pt\/index.php\/wp-json\/wp\/v2\/product"}],"about":[{"href":"https:\/\/casadolivreiro.pt\/index.php\/wp-json\/wp\/v2\/types\/product"}],"replies":[{"embeddable":true,"href":"https:\/\/casadolivreiro.pt\/index.php\/wp-json\/wp\/v2\/comments?post=3388"}],"wp:featuredmedia":[{"embeddable":true,"href":"https:\/\/casadolivreiro.pt\/index.php\/wp-json\/wp\/v2\/media\/3389"}],"wp:attachment":[{"href":"https:\/\/casadolivreiro.pt\/index.php\/wp-json\/wp\/v2\/media?parent=3388"}],"wp:term":[{"taxonomy":"product_cat","embeddable":true,"href":"https:\/\/casadolivreiro.pt\/index.php\/wp-json\/wp\/v2\/product_cat?post=3388"},{"taxonomy":"product_tag","embeddable":true,"href":"https:\/\/casadolivreiro.pt\/index.php\/wp-json\/wp\/v2\/product_tag?post=3388"}],"curies":[{"name":"wp","href":"https:\/\/api.w.org\/{rel}","templated":true}]}}