{"id":3386,"date":"2025-03-21T17:13:32","date_gmt":"2025-03-21T17:13:32","guid":{"rendered":"https:\/\/casadolivreiro.pt\/?post_type=product&#038;p=3386"},"modified":"2025-03-21T17:13:33","modified_gmt":"2025-03-21T17:13:33","slug":"casamento-em-portugal-uma-analise-sociologico-analia-cardoso-torres","status":"publish","type":"product","link":"https:\/\/casadolivreiro.pt\/index.php\/product\/casamento-em-portugal-uma-analise-sociologico-analia-cardoso-torres\/","title":{"rendered":"CASAMENTO EM PORTUGAL: Uma An\u00e1lise Sociol\u00f3gico \u2013 An\u00e1lia Cardoso Torres"},"content":{"rendered":"<p>CASAMENTO EM PORTUGAL: Uma An\u00e1lise Sociol\u00f3gico \u2013 An\u00e1lia Cardoso Torres<\/p>\n<p>Ano de edi\u00e7\u00e3o: 2002, Primeira edi\u00e7\u00e3o<\/p>\n<p>Editor: Celta Editora<\/p>\n<p>Idioma: Portugu\u00eas<\/p>\n<p>Dimens\u00f5es: 15.4\u00a0 x 2.1 x\u00a0 23.5cm<\/p>\n<p>Encaderna\u00e7\u00e3o: Capa mole<\/p>\n<p>P\u00e1ginas: 290<\/p>\n","protected":false},"excerpt":{"rendered":"<p>CASAMENTO EM PORTUGAL: Uma An\u00e1lise Sociol\u00f3gico \u2013 An\u00e1lia Cardoso Torres Ano de edi\u00e7\u00e3o: 2002, Primeira edi\u00e7\u00e3o Editor: Celta Editora Idioma: Portugu\u00eas Dimens\u00f5es: 15.4\u00a0 x 2.1 x\u00a0 23.5cm Encaderna\u00e7\u00e3o: Capa mole P\u00e1ginas: 290<\/p>\n","protected":false},"featured_media":3387,"comment_status":"open","ping_status":"closed","template":"","meta":{"om_disable_all_campaigns":false,"_monsterinsights_skip_tracking":false,"_monsterinsights_sitenote_active":false,"_monsterinsights_sitenote_note":"","_monsterinsights_sitenote_category":0,"_uf_show_specific_survey":0,"_uf_disable_surveys":false},"product_cat":[31],"product_tag":[],"aioseo_notices":[],"jetpack_sharing_enabled":true,"_links":{"self":[{"href":"https:\/\/casadolivreiro.pt\/index.php\/wp-json\/wp\/v2\/product\/3386"}],"collection":[{"href":"https:\/\/casadolivreiro.pt\/index.php\/wp-json\/wp\/v2\/product"}],"about":[{"href":"https:\/\/casadolivreiro.pt\/index.php\/wp-json\/wp\/v2\/types\/product"}],"replies":[{"embeddable":true,"href":"https:\/\/casadolivreiro.pt\/index.php\/wp-json\/wp\/v2\/comments?post=3386"}],"wp:featuredmedia":[{"embeddable":true,"href":"https:\/\/casadolivreiro.pt\/index.php\/wp-json\/wp\/v2\/media\/3387"}],"wp:attachment":[{"href":"https:\/\/casadolivreiro.pt\/index.php\/wp-json\/wp\/v2\/media?parent=3386"}],"wp:term":[{"taxonomy":"product_cat","embeddable":true,"href":"https:\/\/casadolivreiro.pt\/index.php\/wp-json\/wp\/v2\/product_cat?post=3386"},{"taxonomy":"product_tag","embeddable":true,"href":"https:\/\/casadolivreiro.pt\/index.php\/wp-json\/wp\/v2\/product_tag?post=3386"}],"curies":[{"name":"wp","href":"https:\/\/api.w.org\/{rel}","templated":true}]}}