{"id":3378,"date":"2025-03-21T16:46:32","date_gmt":"2025-03-21T16:46:32","guid":{"rendered":"https:\/\/casadolivreiro.pt\/?post_type=product&#038;p=3378"},"modified":"2025-03-21T16:46:32","modified_gmt":"2025-03-21T16:46:32","slug":"estaline-a-corte-do-czar-vermelho-volume-4-simon-sebag-montefiore","status":"publish","type":"product","link":"https:\/\/casadolivreiro.pt\/index.php\/product\/estaline-a-corte-do-czar-vermelho-volume-4-simon-sebag-montefiore\/","title":{"rendered":"ESTALINE: A CORTE DO CZAR VERMELHO, volume 4  \u2013 Simon Sebag Montefiore"},"content":{"rendered":"<p>ESTALINE: A CORTE DO CZAR VERMELHO, volume 4 \u00a0\u2013 Simon Sebag Montefiore<\/p>\n<p>Tradu\u00e7\u00e3o: M\u00e1rio Dias Correia<\/p>\n<p>Ano de edi\u00e7\u00e3o: 2016<\/p>\n<p>Editor: Expresso<\/p>\n<p>Idioma: Portugu\u00eas<\/p>\n<p>Dimens\u00f5es: 13.5 x 1.9 x\u00a0 19cm<\/p>\n<p>Encaderna\u00e7\u00e3o: Capa mole<\/p>\n<p>P\u00e1ginas: 196<\/p>\n","protected":false},"excerpt":{"rendered":"<p>ESTALINE: A CORTE DO CZAR VERMELHO, volume 4 \u00a0\u2013 Simon Sebag Montefiore Tradu\u00e7\u00e3o: M\u00e1rio Dias Correia Ano de edi\u00e7\u00e3o: 2016 Editor: Expresso Idioma: Portugu\u00eas Dimens\u00f5es: 13.5 x 1.9 x\u00a0 19cm Encaderna\u00e7\u00e3o: Capa mole P\u00e1ginas: 196<\/p>\n","protected":false},"featured_media":3379,"comment_status":"open","ping_status":"closed","template":"","meta":{"om_disable_all_campaigns":false,"_monsterinsights_skip_tracking":false,"_monsterinsights_sitenote_active":false,"_monsterinsights_sitenote_note":"","_monsterinsights_sitenote_category":0,"_uf_show_specific_survey":0,"_uf_disable_surveys":false},"product_cat":[28,30,51],"product_tag":[],"aioseo_notices":[],"jetpack_sharing_enabled":true,"_links":{"self":[{"href":"https:\/\/casadolivreiro.pt\/index.php\/wp-json\/wp\/v2\/product\/3378"}],"collection":[{"href":"https:\/\/casadolivreiro.pt\/index.php\/wp-json\/wp\/v2\/product"}],"about":[{"href":"https:\/\/casadolivreiro.pt\/index.php\/wp-json\/wp\/v2\/types\/product"}],"replies":[{"embeddable":true,"href":"https:\/\/casadolivreiro.pt\/index.php\/wp-json\/wp\/v2\/comments?post=3378"}],"wp:featuredmedia":[{"embeddable":true,"href":"https:\/\/casadolivreiro.pt\/index.php\/wp-json\/wp\/v2\/media\/3379"}],"wp:attachment":[{"href":"https:\/\/casadolivreiro.pt\/index.php\/wp-json\/wp\/v2\/media?parent=3378"}],"wp:term":[{"taxonomy":"product_cat","embeddable":true,"href":"https:\/\/casadolivreiro.pt\/index.php\/wp-json\/wp\/v2\/product_cat?post=3378"},{"taxonomy":"product_tag","embeddable":true,"href":"https:\/\/casadolivreiro.pt\/index.php\/wp-json\/wp\/v2\/product_tag?post=3378"}],"curies":[{"name":"wp","href":"https:\/\/api.w.org\/{rel}","templated":true}]}}