{"id":3373,"date":"2025-03-21T16:32:41","date_gmt":"2025-03-21T16:32:41","guid":{"rendered":"https:\/\/casadolivreiro.pt\/?post_type=product&#038;p=3373"},"modified":"2025-03-21T16:32:41","modified_gmt":"2025-03-21T16:32:41","slug":"gandhi-a-minha-vida-e-as-minhas-experiencias-com-a-verdade-5-volumes-mohandas-k","status":"publish","type":"product","link":"https:\/\/casadolivreiro.pt\/index.php\/product\/gandhi-a-minha-vida-e-as-minhas-experiencias-com-a-verdade-5-volumes-mohandas-k\/","title":{"rendered":"GANDHI: A MINHA VIDA E as Minhas Experi\u00eancias com a Verdade,  5 volumes \u2013 Mohandas K."},"content":{"rendered":"<p>GANDHI: A MINHA VIDA E as Minhas Experi\u00eancias com a Verdade,\u00a0 5 volumes \u2013 Mohandas K.<\/p>\n<p>Tradu\u00e7\u00e3o: Manuel CaRDOSO<\/p>\n<p>Ano de edi\u00e7\u00e3o: 2019<\/p>\n<p>Editor: Expresso \/Glaciar<\/p>\n<p>Idioma: Portugu\u00eas<\/p>\n<p>Dimens\u00f5es: 13.5 x 1 x\u00a0 19cm<\/p>\n<p>Encaderna\u00e7\u00e3o: Capa mole<\/p>\n<p>P\u00e1ginas: 112 +112+ 83+ 133+151<\/p>\n","protected":false},"excerpt":{"rendered":"<p>GANDHI: A MINHA VIDA E as Minhas Experi\u00eancias com a Verdade,\u00a0 5 volumes \u2013 Mohandas K. Tradu\u00e7\u00e3o: Manuel CaRDOSO Ano de edi\u00e7\u00e3o: 2019 Editor: Expresso \/Glaciar Idioma: Portugu\u00eas Dimens\u00f5es: 13.5 x 1 x\u00a0 19cm Encaderna\u00e7\u00e3o: Capa mole P\u00e1ginas: 112 +112+ 83+ 133+151<\/p>\n","protected":false},"featured_media":3374,"comment_status":"open","ping_status":"closed","template":"","meta":{"om_disable_all_campaigns":false,"_monsterinsights_skip_tracking":false,"_monsterinsights_sitenote_active":false,"_monsterinsights_sitenote_note":"","_monsterinsights_sitenote_category":0,"_uf_show_specific_survey":0,"_uf_disable_surveys":false},"product_cat":[28,30,51],"product_tag":[],"aioseo_notices":[],"jetpack_sharing_enabled":true,"_links":{"self":[{"href":"https:\/\/casadolivreiro.pt\/index.php\/wp-json\/wp\/v2\/product\/3373"}],"collection":[{"href":"https:\/\/casadolivreiro.pt\/index.php\/wp-json\/wp\/v2\/product"}],"about":[{"href":"https:\/\/casadolivreiro.pt\/index.php\/wp-json\/wp\/v2\/types\/product"}],"replies":[{"embeddable":true,"href":"https:\/\/casadolivreiro.pt\/index.php\/wp-json\/wp\/v2\/comments?post=3373"}],"wp:featuredmedia":[{"embeddable":true,"href":"https:\/\/casadolivreiro.pt\/index.php\/wp-json\/wp\/v2\/media\/3374"}],"wp:attachment":[{"href":"https:\/\/casadolivreiro.pt\/index.php\/wp-json\/wp\/v2\/media?parent=3373"}],"wp:term":[{"taxonomy":"product_cat","embeddable":true,"href":"https:\/\/casadolivreiro.pt\/index.php\/wp-json\/wp\/v2\/product_cat?post=3373"},{"taxonomy":"product_tag","embeddable":true,"href":"https:\/\/casadolivreiro.pt\/index.php\/wp-json\/wp\/v2\/product_tag?post=3373"}],"curies":[{"name":"wp","href":"https:\/\/api.w.org\/{rel}","templated":true}]}}