{"id":337,"date":"2024-03-10T01:29:22","date_gmt":"2024-03-10T01:29:22","guid":{"rendered":"https:\/\/casadolivreiro.pt\/?post_type=product&#038;p=337"},"modified":"2024-03-10T01:29:22","modified_gmt":"2024-03-10T01:29:22","slug":"maria-madalena-biografia-bruce-chilton","status":"publish","type":"product","link":"https:\/\/casadolivreiro.pt\/index.php\/product\/maria-madalena-biografia-bruce-chilton\/","title":{"rendered":"MARIA MADALENA: Biografia &#8211; Bruce Chilton"},"content":{"rendered":"<p>MARIA MADALENA: Biografia<br \/>\nBruce Chilton<br \/>\nTradu\u00e7\u00e3o de Maria Ant\u00f3nio Abrantes de Fonseca<br \/>\nISBN: 972-33-2269-2<br \/>\nEditor: Editorial Estampa Lda, Lisboa<br \/>\nData de Lan\u00e7amento: 2006, 1.a edi\u00e7\u00e3o<br \/>\nIdioma:\u00a0 Portugu\u00eas<br \/>\nDimens\u00f5es: 15 x 1.3 x 22 cm<br \/>\nEncaderna\u00e7\u00e3o: Capa mole<br \/>\nP\u00e1ginas: 222<\/p>\n<p>Esta biografia, diferente e cativante, de uma das figuras b\u00edblicas mais complexas e mal compreendidas, coloca firmemente Maria madalena dentro das tradi\u00e7\u00f5es religiosas do seu tempo e revela os seus contributos essenciais para o desenvolvimento do cristianismo primevo.<\/p>\n<p>Ao longo da hist\u00f3ria, Maria Madalena foi tanto reverenciada como vilipendiada, uma mulher que assumiu muitas formas &#8211; bruxa, her\u00e9tica, prostituta, sacerdotisa do tarot, encarna\u00e7\u00e3o do eterno feminino, companheira fiel (talvez at\u00e9 mesmo a esposa) de Jesus. Em Maria Madalena, Bruce Chilton, reconhecido erudito da B\u00edblia e sacerdote episcopal, proporciona o primeiro retrato completo e perempt\u00f3rio desta mulher fascinante. Atrav\u00e9s de interpreta\u00e7\u00f5es meticulosas e de compara\u00e7\u00f5es com textos antigos, Chilton demonstra que Maria Madalena desempenhou um papel central no minist\u00e9rio de Jesus, tendo sido uma figura essencial do cristianismo. Foi ela a primeira a levar aos Ap\u00f3stolos a not\u00edcias da Ressurrei\u00e7\u00e3o de Jesus. Sem ela n\u00e3o existiria o ensinamento crist\u00e3o da ressurrei\u00e7\u00e3o.<\/p>\n<p>As descri\u00e7\u00f5es de Chilton sobre quem foi Maria Madalena e sobre o modo como ela desafiou a hist\u00f3ria patriarcal do cristianismo s\u00e3o familiares \u00e0 maioria dos leitores. Ao coloc\u00e1-la entre a tradi\u00e7\u00e3o das mulheres s\u00e1bias do juda\u00edsmo, Chilton apresenta uma figura vision\u00e1ria, completamente imersa nos ensinamentos m\u00edsticos que configuram os pr\u00f3prios ensinamentos de Jesus, mostrando-a igualmente como um mestre de direito pr\u00f3prio. Os seus rituais de un\u00e7\u00e3o, exorcismo e vis\u00e3o permanecem fulcrais para a identidade religiosa dos crist\u00e3os contempor\u00e2neos, tendo-se tornado um poderoso s\u00edmbolo da espiritualidade feminina para pessoas de f\u00e9s diversas.<\/p>\n","protected":false},"excerpt":{"rendered":"<p>MARIA MADALENA: Biografia Bruce Chilton Tradu\u00e7\u00e3o de Maria Ant\u00f3nio Abrantes de Fonseca ISBN: 972-33-2269-2 Editor: Editorial Estampa Lda, Lisboa Data de Lan\u00e7amento: 2006, 1.a edi\u00e7\u00e3o Idioma:\u00a0 Portugu\u00eas Dimens\u00f5es: 15 x 1.3 x 22 cm Encaderna\u00e7\u00e3o: Capa mole P\u00e1ginas: 222 Esta biografia, diferente e cativante, de uma das figuras b\u00edblicas mais complexas e mal compreendidas, coloca [&hellip;]<\/p>\n","protected":false},"featured_media":338,"comment_status":"open","ping_status":"closed","template":"","meta":{"om_disable_all_campaigns":false,"_monsterinsights_skip_tracking":false,"_monsterinsights_sitenote_active":false,"_monsterinsights_sitenote_note":"","_monsterinsights_sitenote_category":0,"_uf_show_specific_survey":0,"_uf_disable_surveys":false},"product_cat":[28,33,30,62,61],"product_tag":[],"aioseo_notices":[],"jetpack_sharing_enabled":true,"_links":{"self":[{"href":"https:\/\/casadolivreiro.pt\/index.php\/wp-json\/wp\/v2\/product\/337"}],"collection":[{"href":"https:\/\/casadolivreiro.pt\/index.php\/wp-json\/wp\/v2\/product"}],"about":[{"href":"https:\/\/casadolivreiro.pt\/index.php\/wp-json\/wp\/v2\/types\/product"}],"replies":[{"embeddable":true,"href":"https:\/\/casadolivreiro.pt\/index.php\/wp-json\/wp\/v2\/comments?post=337"}],"wp:featuredmedia":[{"embeddable":true,"href":"https:\/\/casadolivreiro.pt\/index.php\/wp-json\/wp\/v2\/media\/338"}],"wp:attachment":[{"href":"https:\/\/casadolivreiro.pt\/index.php\/wp-json\/wp\/v2\/media?parent=337"}],"wp:term":[{"taxonomy":"product_cat","embeddable":true,"href":"https:\/\/casadolivreiro.pt\/index.php\/wp-json\/wp\/v2\/product_cat?post=337"},{"taxonomy":"product_tag","embeddable":true,"href":"https:\/\/casadolivreiro.pt\/index.php\/wp-json\/wp\/v2\/product_tag?post=337"}],"curies":[{"name":"wp","href":"https:\/\/api.w.org\/{rel}","templated":true}]}}