{"id":3367,"date":"2025-03-17T17:28:48","date_gmt":"2025-03-17T17:28:48","guid":{"rendered":"https:\/\/casadolivreiro.pt\/?post_type=product&#038;p=3367"},"modified":"2025-03-17T17:28:48","modified_gmt":"2025-03-17T17:28:48","slug":"historia-de-portugal-volume-4-11o-ano-pedro-almiro-neves-ana-lidia-pinto-celia-pinto-do-coute","status":"publish","type":"product","link":"https:\/\/casadolivreiro.pt\/index.php\/product\/historia-de-portugal-volume-4-11o-ano-pedro-almiro-neves-ana-lidia-pinto-celia-pinto-do-coute\/","title":{"rendered":"HIST\u00d3RIA DE PORTUGAL, Volume 4, 11\u00ba ano \u2013 Pedro Almiro Neves, Ana Lidia Pinto, C\u00e9lia Pinto do Coute"},"content":{"rendered":"<p>HIST\u00d3RIA DE PORTUGAL, Volume 4, 11\u00ba ano \u2013 Pedro Almiro Neves, Ana Lidia Pinto, C\u00e9lia Pinto do Coute<\/p>\n<p>Ano de edi\u00e7\u00e3o:<\/p>\n<p>Editor: Porto Editora<\/p>\n<p>Idioma: Portugu\u00eas<\/p>\n<p>Dimens\u00f5es: 17 x 1.6 x 24.5cm<\/p>\n<p>Encaderna\u00e7\u00e3o: Capa mole<\/p>\n<p>P\u00e1ginas: 334<\/p>\n","protected":false},"excerpt":{"rendered":"<p>HIST\u00d3RIA DE PORTUGAL, Volume 4, 11\u00ba ano \u2013 Pedro Almiro Neves, Ana Lidia Pinto, C\u00e9lia Pinto do Coute Ano de edi\u00e7\u00e3o: Editor: Porto Editora Idioma: Portugu\u00eas Dimens\u00f5es: 17 x 1.6 x 24.5cm Encaderna\u00e7\u00e3o: Capa mole P\u00e1ginas: 334<\/p>\n","protected":false},"featured_media":3368,"comment_status":"open","ping_status":"closed","template":"","meta":{"om_disable_all_campaigns":false,"_monsterinsights_skip_tracking":false,"_monsterinsights_sitenote_active":false,"_monsterinsights_sitenote_note":"","_monsterinsights_sitenote_category":0,"_uf_show_specific_survey":0,"_uf_disable_surveys":false},"product_cat":[47,30],"product_tag":[],"aioseo_notices":[],"jetpack_sharing_enabled":true,"_links":{"self":[{"href":"https:\/\/casadolivreiro.pt\/index.php\/wp-json\/wp\/v2\/product\/3367"}],"collection":[{"href":"https:\/\/casadolivreiro.pt\/index.php\/wp-json\/wp\/v2\/product"}],"about":[{"href":"https:\/\/casadolivreiro.pt\/index.php\/wp-json\/wp\/v2\/types\/product"}],"replies":[{"embeddable":true,"href":"https:\/\/casadolivreiro.pt\/index.php\/wp-json\/wp\/v2\/comments?post=3367"}],"wp:featuredmedia":[{"embeddable":true,"href":"https:\/\/casadolivreiro.pt\/index.php\/wp-json\/wp\/v2\/media\/3368"}],"wp:attachment":[{"href":"https:\/\/casadolivreiro.pt\/index.php\/wp-json\/wp\/v2\/media?parent=3367"}],"wp:term":[{"taxonomy":"product_cat","embeddable":true,"href":"https:\/\/casadolivreiro.pt\/index.php\/wp-json\/wp\/v2\/product_cat?post=3367"},{"taxonomy":"product_tag","embeddable":true,"href":"https:\/\/casadolivreiro.pt\/index.php\/wp-json\/wp\/v2\/product_tag?post=3367"}],"curies":[{"name":"wp","href":"https:\/\/api.w.org\/{rel}","templated":true}]}}