{"id":3359,"date":"2025-03-17T17:06:35","date_gmt":"2025-03-17T17:06:35","guid":{"rendered":"https:\/\/casadolivreiro.pt\/?post_type=product&#038;p=3359"},"modified":"2025-03-17T17:06:35","modified_gmt":"2025-03-17T17:06:35","slug":"guia-do-terceiro-mundo-1980-suplemento-anual-dos-cadernos-do-terceiro-mundo","status":"publish","type":"product","link":"https:\/\/casadolivreiro.pt\/index.php\/product\/guia-do-terceiro-mundo-1980-suplemento-anual-dos-cadernos-do-terceiro-mundo\/","title":{"rendered":"GUIA DO TERCEIRO MUNDO 1980 \u2013 Suplemento anual  dos Cadernos do Terceiro Mundo"},"content":{"rendered":"<p>GUIA DO TERCEIRO MUNDO 1980 \u2013 Suplemento anual\u00a0 dos Cadernos do Terceiro Mundo<\/p>\n<p>Ano de edi\u00e7\u00e3o: 1980<\/p>\n<p>Editor: Tricontinental editora, Lisboa (Edi\u00e7\u00e3o em portugu\u00eas)<\/p>\n<p>Idioma: Portugu\u00eas<\/p>\n<p>Dimens\u00f5es: 16.8 x 1.9 x 23.5cm<\/p>\n<p>Encaderna\u00e7\u00e3o: Capa mole<\/p>\n<p>P\u00e1ginas: 448<\/p>\n","protected":false},"excerpt":{"rendered":"<p>GUIA DO TERCEIRO MUNDO 1980 \u2013 Suplemento anual\u00a0 dos Cadernos do Terceiro Mundo Ano de edi\u00e7\u00e3o: 1980 Editor: Tricontinental editora, Lisboa (Edi\u00e7\u00e3o em portugu\u00eas) Idioma: Portugu\u00eas Dimens\u00f5es: 16.8 x 1.9 x 23.5cm Encaderna\u00e7\u00e3o: Capa mole P\u00e1ginas: 448<\/p>\n","protected":false},"featured_media":3360,"comment_status":"open","ping_status":"closed","template":"","meta":{"om_disable_all_campaigns":false,"_monsterinsights_skip_tracking":false,"_monsterinsights_sitenote_active":false,"_monsterinsights_sitenote_note":"","_monsterinsights_sitenote_category":0,"_uf_show_specific_survey":0,"_uf_disable_surveys":false},"product_cat":[31,30,65],"product_tag":[],"aioseo_notices":[],"jetpack_sharing_enabled":true,"_links":{"self":[{"href":"https:\/\/casadolivreiro.pt\/index.php\/wp-json\/wp\/v2\/product\/3359"}],"collection":[{"href":"https:\/\/casadolivreiro.pt\/index.php\/wp-json\/wp\/v2\/product"}],"about":[{"href":"https:\/\/casadolivreiro.pt\/index.php\/wp-json\/wp\/v2\/types\/product"}],"replies":[{"embeddable":true,"href":"https:\/\/casadolivreiro.pt\/index.php\/wp-json\/wp\/v2\/comments?post=3359"}],"wp:featuredmedia":[{"embeddable":true,"href":"https:\/\/casadolivreiro.pt\/index.php\/wp-json\/wp\/v2\/media\/3360"}],"wp:attachment":[{"href":"https:\/\/casadolivreiro.pt\/index.php\/wp-json\/wp\/v2\/media?parent=3359"}],"wp:term":[{"taxonomy":"product_cat","embeddable":true,"href":"https:\/\/casadolivreiro.pt\/index.php\/wp-json\/wp\/v2\/product_cat?post=3359"},{"taxonomy":"product_tag","embeddable":true,"href":"https:\/\/casadolivreiro.pt\/index.php\/wp-json\/wp\/v2\/product_tag?post=3359"}],"curies":[{"name":"wp","href":"https:\/\/api.w.org\/{rel}","templated":true}]}}