{"id":335,"date":"2024-03-10T01:24:50","date_gmt":"2024-03-10T01:24:50","guid":{"rendered":"https:\/\/casadolivreiro.pt\/?post_type=product&#038;p=335"},"modified":"2024-03-10T01:24:50","modified_gmt":"2024-03-10T01:24:50","slug":"o-evangelho-de-maria-a-mulher-que-venceu-o-mal-gabriele-amorth","status":"publish","type":"product","link":"https:\/\/casadolivreiro.pt\/index.php\/product\/o-evangelho-de-maria-a-mulher-que-venceu-o-mal-gabriele-amorth\/","title":{"rendered":"O EVANGELHO DE MARIA: A MULHER QUE VENCEU O MAL &#8211; Gabriele Amorth"},"content":{"rendered":"<p>O EVANGELHO DE MARIA: A MULHER QUE VENCEU O MAL<br \/>\nGabriele Amorth<br \/>\nTradu\u00e7\u00e3o de Ant\u00f3nio Maia da Rocha<br \/>\nISBN: 978-989-8516-83-1<br \/>\nEditor: Lucerna, Cascais<br \/>\nData de Lan\u00e7amento: 2014, 1.a edi\u00e7\u00e3o<br \/>\nIdioma:\u00a0 Portugu\u00eas<br \/>\nDimens\u00f5es: 14.4 x 0.8 x 21 cm<br \/>\nEncaderna\u00e7\u00e3o: Capa mole<br \/>\nP\u00e1ginas: 135<\/p>\n<p>Quem, afinal, pode ser mais poderoso nesta terra? Conhecemos bem a imagem do Apocalipse que a tradi\u00e7\u00e3o aplicou a Maria: uma mulher revestida de sol, tendo a Lua debaixo dos p\u00e9s e uma coroa de estrelas \u00e0 cabe\u00e7a. \u00c9 esta Virgem resplandecente que pisa na Serpente: \u00e9, afinal, a M\u00e3e do pr\u00f3prio Salvador, aquela que n\u00e3o teve m\u00e1cula alguma \u2015 a mais perfeita criatura a sair das m\u00e3os de Deus. N\u00e3o surpreende, pois, que o exorcista mais conhecido de todos os tempos tenha desejado dedicar um livro inteiro a nos fazer meditar sobre a vida, os mist\u00e9rios e os dogmas marianos. Quem, afinal, pode ser mais poderoso nesta terra? Com estas p\u00e1ginas, Gabriele Amorth faz-nos mergulhar, com reflex\u00f5es destinadas a cada dia do m\u00eas, nos mist\u00e9rios de uma jovem simples, comum, mas que at\u00e9 hoje faz tremer o inferno inteiro.<\/p>\n","protected":false},"excerpt":{"rendered":"<p>O EVANGELHO DE MARIA: A MULHER QUE VENCEU O MAL Gabriele Amorth Tradu\u00e7\u00e3o de Ant\u00f3nio Maia da Rocha ISBN: 978-989-8516-83-1 Editor: Lucerna, Cascais Data de Lan\u00e7amento: 2014, 1.a edi\u00e7\u00e3o Idioma:\u00a0 Portugu\u00eas Dimens\u00f5es: 14.4 x 0.8 x 21 cm Encaderna\u00e7\u00e3o: Capa mole P\u00e1ginas: 135 Quem, afinal, pode ser mais poderoso nesta terra? Conhecemos bem a imagem [&hellip;]<\/p>\n","protected":false},"featured_media":336,"comment_status":"open","ping_status":"closed","template":"","meta":{"om_disable_all_campaigns":false,"_monsterinsights_skip_tracking":false,"_monsterinsights_sitenote_active":false,"_monsterinsights_sitenote_note":"","_monsterinsights_sitenote_category":0,"_uf_show_specific_survey":0,"_uf_disable_surveys":false},"product_cat":[33,30,62],"product_tag":[],"aioseo_notices":[],"jetpack_sharing_enabled":true,"_links":{"self":[{"href":"https:\/\/casadolivreiro.pt\/index.php\/wp-json\/wp\/v2\/product\/335"}],"collection":[{"href":"https:\/\/casadolivreiro.pt\/index.php\/wp-json\/wp\/v2\/product"}],"about":[{"href":"https:\/\/casadolivreiro.pt\/index.php\/wp-json\/wp\/v2\/types\/product"}],"replies":[{"embeddable":true,"href":"https:\/\/casadolivreiro.pt\/index.php\/wp-json\/wp\/v2\/comments?post=335"}],"wp:featuredmedia":[{"embeddable":true,"href":"https:\/\/casadolivreiro.pt\/index.php\/wp-json\/wp\/v2\/media\/336"}],"wp:attachment":[{"href":"https:\/\/casadolivreiro.pt\/index.php\/wp-json\/wp\/v2\/media?parent=335"}],"wp:term":[{"taxonomy":"product_cat","embeddable":true,"href":"https:\/\/casadolivreiro.pt\/index.php\/wp-json\/wp\/v2\/product_cat?post=335"},{"taxonomy":"product_tag","embeddable":true,"href":"https:\/\/casadolivreiro.pt\/index.php\/wp-json\/wp\/v2\/product_tag?post=335"}],"curies":[{"name":"wp","href":"https:\/\/api.w.org\/{rel}","templated":true}]}}