{"id":3341,"date":"2025-03-17T16:10:57","date_gmt":"2025-03-17T16:10:57","guid":{"rendered":"https:\/\/casadolivreiro.pt\/?post_type=product&#038;p=3341"},"modified":"2025-03-17T16:10:57","modified_gmt":"2025-03-17T16:10:57","slug":"historia-publicacao-mensal-ano-xiv-no-156-setembro-de-1992","status":"publish","type":"product","link":"https:\/\/casadolivreiro.pt\/index.php\/product\/historia-publicacao-mensal-ano-xiv-no-156-setembro-de-1992\/","title":{"rendered":"HIST\u00d3RIA, Publica\u00e7\u00e3o mensal, Ano XIV, No.156, Setembro de 1992"},"content":{"rendered":"<p>HIST\u00d3RIA, Publica\u00e7\u00e3o mensal, Ano XIV, No.156, Setembro de 1992<\/p>\n<p>Director Editorial: Jos\u00e9 Carlos de Vasconcelos<\/p>\n<p>Ano de edi\u00e7\u00e3o: 1992<\/p>\n<p>Editor: Publica\u00e7\u00f5es Projornal, Ld.<\/p>\n<p>Idioma: Portugu\u00eas<\/p>\n<p>Dimens\u00f5es: 15 x 0.4 x 22cm<\/p>\n<p>Encaderna\u00e7\u00e3o: Capa mole<\/p>\n<p>P\u00e1ginas: 96<\/p>\n","protected":false},"excerpt":{"rendered":"<p>HIST\u00d3RIA, Publica\u00e7\u00e3o mensal, Ano XIV, No.156, Setembro de 1992 Director Editorial: Jos\u00e9 Carlos de Vasconcelos Ano de edi\u00e7\u00e3o: 1992 Editor: Publica\u00e7\u00f5es Projornal, Ld. Idioma: Portugu\u00eas Dimens\u00f5es: 15 x 0.4 x 22cm Encaderna\u00e7\u00e3o: Capa mole P\u00e1ginas: 96<\/p>\n","protected":false},"featured_media":3342,"comment_status":"open","ping_status":"closed","template":"","meta":{"om_disable_all_campaigns":false,"_monsterinsights_skip_tracking":false,"_monsterinsights_sitenote_active":false,"_monsterinsights_sitenote_note":"","_monsterinsights_sitenote_category":0,"_uf_show_specific_survey":0,"_uf_disable_surveys":false},"product_cat":[30,65],"product_tag":[],"aioseo_notices":[],"jetpack_sharing_enabled":true,"_links":{"self":[{"href":"https:\/\/casadolivreiro.pt\/index.php\/wp-json\/wp\/v2\/product\/3341"}],"collection":[{"href":"https:\/\/casadolivreiro.pt\/index.php\/wp-json\/wp\/v2\/product"}],"about":[{"href":"https:\/\/casadolivreiro.pt\/index.php\/wp-json\/wp\/v2\/types\/product"}],"replies":[{"embeddable":true,"href":"https:\/\/casadolivreiro.pt\/index.php\/wp-json\/wp\/v2\/comments?post=3341"}],"wp:featuredmedia":[{"embeddable":true,"href":"https:\/\/casadolivreiro.pt\/index.php\/wp-json\/wp\/v2\/media\/3342"}],"wp:attachment":[{"href":"https:\/\/casadolivreiro.pt\/index.php\/wp-json\/wp\/v2\/media?parent=3341"}],"wp:term":[{"taxonomy":"product_cat","embeddable":true,"href":"https:\/\/casadolivreiro.pt\/index.php\/wp-json\/wp\/v2\/product_cat?post=3341"},{"taxonomy":"product_tag","embeddable":true,"href":"https:\/\/casadolivreiro.pt\/index.php\/wp-json\/wp\/v2\/product_tag?post=3341"}],"curies":[{"name":"wp","href":"https:\/\/api.w.org\/{rel}","templated":true}]}}